{"id":1313,"date":"2021-05-08T09:08:31","date_gmt":"2021-05-08T09:08:31","guid":{"rendered":"https:\/\/karlskogahotell.se\/?page_id=1313"},"modified":"2024-04-10T10:35:38","modified_gmt":"2024-04-10T10:35:38","slug":"ekonomirum","status":"publish","type":"page","link":"https:\/\/karlskogahotell.se\/en\/boende\/ekonomirum\/","title":{"rendered":"Family room"},"content":{"rendered":"<div data-elementor-type=\"wp-page\" data-elementor-id=\"1313\" class=\"elementor elementor-1313\" data-elementor-post-type=\"page\">\n\t\t\t\t\t\t<section class=\"elementor-section elementor-top-section elementor-element elementor-element-899f559 elementor-section-height-min-height elementor-section-boxed elementor-section-height-default elementor-section-items-middle\" data-id=\"899f559\" data-element_type=\"section\" data-e-type=\"section\" data-settings=\"{&quot;background_background&quot;:&quot;classic&quot;}\">\n\t\t\t\t\t\t\t<div class=\"elementor-background-overlay\"><\/div>\n\t\t\t\t\t\t\t<div class=\"elementor-container elementor-column-gap-default\">\n\t\t\t\t\t<div class=\"elementor-column elementor-col-100 elementor-top-column elementor-element elementor-element-16c95a2\" data-id=\"16c95a2\" data-element_type=\"column\" data-e-type=\"column\">\n\t\t\t<div class=\"elementor-widget-wrap elementor-element-populated\">\n\t\t\t\t\t\t<div class=\"elementor-element elementor-element-97c80b6 elementor-widget elementor-widget-heading\" data-id=\"97c80b6\" data-element_type=\"widget\" data-e-type=\"widget\" data-widget_type=\"heading.default\">\n\t\t\t\t<div class=\"elementor-widget-container\">\n\t\t\t\t\t<h1 class=\"elementor-heading-title elementor-size-default\">Family room<\/h1>\t\t\t\t<\/div>\n\t\t\t\t<\/div>\n\t\t\t\t\t<\/div>\n\t\t<\/div>\n\t\t\t\t\t<\/div>\n\t\t<\/section>\n\t\t\t\t<section class=\"elementor-section elementor-top-section elementor-element elementor-element-64ba81a elementor-section-boxed elementor-section-height-default elementor-section-height-default\" data-id=\"64ba81a\" data-element_type=\"section\" data-e-type=\"section\">\n\t\t\t\t\t\t<div class=\"elementor-container elementor-column-gap-default\">\n\t\t\t\t\t<div class=\"elementor-column elementor-col-100 elementor-top-column elementor-element elementor-element-a2f8d25\" data-id=\"a2f8d25\" data-element_type=\"column\" data-e-type=\"column\">\n\t\t\t<div class=\"elementor-widget-wrap elementor-element-populated\">\n\t\t\t\t\t\t<div class=\"elementor-element elementor-element-6df5962 elementor-align-left elementor-widget elementor-widget-breadcrumbs\" data-id=\"6df5962\" data-element_type=\"widget\" data-e-type=\"widget\" data-widget_type=\"breadcrumbs.default\">\n\t\t\t\t<div class=\"elementor-widget-container\">\n\t\t\t\t\t<p id=\"breadcrumbs\"><span><span><a href=\"https:\/\/karlskogahotell.se\/en\">Home<\/a><\/span><\/span><\/p>\t\t\t\t<\/div>\n\t\t\t\t<\/div>\n\t\t\t\t\t<\/div>\n\t\t<\/div>\n\t\t\t\t\t<\/div>\n\t\t<\/section>\n\t\t\t\t<section class=\"elementor-section elementor-top-section elementor-element elementor-element-1be879e elementor-reverse-mobile elementor-section-boxed elementor-section-height-default elementor-section-height-default\" data-id=\"1be879e\" data-element_type=\"section\" data-e-type=\"section\">\n\t\t\t\t\t\t<div class=\"elementor-container elementor-column-gap-default\">\n\t\t\t\t\t<div class=\"elementor-column elementor-col-50 elementor-top-column elementor-element elementor-element-2927b66\" data-id=\"2927b66\" data-element_type=\"column\" data-e-type=\"column\">\n\t\t\t<div class=\"elementor-widget-wrap elementor-element-populated\">\n\t\t\t\t\t\t<div class=\"elementor-element elementor-element-190ce44 elementor-widget elementor-widget-image\" data-id=\"190ce44\" data-element_type=\"widget\" data-e-type=\"widget\" data-widget_type=\"image.default\">\n\t\t\t\t<div class=\"elementor-widget-container\">\n\t\t\t\t\t\t\t\t\t\t\t\t\t\t\t\t<a href=\"http:\/\/media.karlskogahotell.se\/2021\/03\/Familj4.jpg\" data-elementor-open-lightbox=\"yes\" data-elementor-lightbox-title=\"Familj4\" data-e-action-hash=\"#elementor-action%3Aaction%3Dlightbox%26settings%3DeyJpZCI6NzQ2LCJ1cmwiOiJodHRwczpcL1wvbWVkaWEua2FybHNrb2dhaG90ZWxsLnNlXC8yMDIxXC8wM1wvRmFtaWxqNC5qcGcifQ%3D%3D\">\n\t\t\t\t\t\t\t<img fetchpriority=\"high\" decoding=\"async\" width=\"800\" height=\"533\" src=\"https:\/\/media.karlskogahotell.se\/2021\/03\/Familj4-1024x682.jpg\" class=\"attachment-large size-large wp-image-746\" alt=\"\" srcset=\"http:\/\/media.karlskogahotell.se\/2021\/03\/Familj4-1024x682.jpg 1024w, http:\/\/media.karlskogahotell.se\/2021\/03\/Familj4-300x200.jpg 300w, http:\/\/media.karlskogahotell.se\/2021\/03\/Familj4-768x512.jpg 768w, http:\/\/media.karlskogahotell.se\/2021\/03\/Familj4.jpg 1280w\" sizes=\"(max-width: 800px) 100vw, 800px\" \/>\t\t\t\t\t\t\t\t<\/a>\n\t\t\t\t\t\t\t\t\t\t\t\t\t\t\t<\/div>\n\t\t\t\t<\/div>\n\t\t\t\t<div class=\"elementor-element elementor-element-cbc8d1e elementor-widget elementor-widget-button\" data-id=\"cbc8d1e\" data-element_type=\"widget\" data-e-type=\"widget\" data-widget_type=\"button.default\">\n\t\t\t\t<div class=\"elementor-widget-container\">\n\t\t\t\t\t\t\t\t\t<div class=\"elementor-button-wrapper\">\n\t\t\t\t\t<a class=\"elementor-button elementor-button-link elementor-size-sm elementor-animation-grow\" href=\"https:\/\/karlskogahotell.se\/en\/boende\/\">\n\t\t\t\t\t\t<span class=\"elementor-button-content-wrapper\">\n\t\t\t\t\t\t<span class=\"elementor-button-icon\">\n\t\t\t\t<i aria-hidden=\"true\" class=\"fas fa-arrow-left\"><\/i>\t\t\t<\/span>\n\t\t\t\t\t\t\t\t\t<span class=\"elementor-button-text\">Previous page<\/span>\n\t\t\t\t\t<\/span>\n\t\t\t\t\t<\/a>\n\t\t\t\t<\/div>\n\t\t\t\t\t\t\t\t<\/div>\n\t\t\t\t<\/div>\n\t\t\t\t\t<\/div>\n\t\t<\/div>\n\t\t\t\t<div class=\"elementor-column elementor-col-50 elementor-top-column elementor-element elementor-element-38771fb\" data-id=\"38771fb\" data-element_type=\"column\" data-e-type=\"column\">\n\t\t\t<div class=\"elementor-widget-wrap elementor-element-populated\">\n\t\t\t\t\t\t<div class=\"elementor-element elementor-element-b12b6df elementor-widget elementor-widget-heading\" data-id=\"b12b6df\" data-element_type=\"widget\" data-e-type=\"widget\" data-widget_type=\"heading.default\">\n\t\t\t\t<div class=\"elementor-widget-container\">\n\t\t\t\t\t<h3 class=\"elementor-heading-title elementor-size-default\">Family room<\/h3>\t\t\t\t<\/div>\n\t\t\t\t<\/div>\n\t\t\t\t<div class=\"elementor-element elementor-element-083d2e2 elementor-widget elementor-widget-text-editor\" data-id=\"083d2e2\" data-element_type=\"widget\" data-e-type=\"widget\" data-widget_type=\"text-editor.default\">\n\t\t\t\t<div class=\"elementor-widget-container\">\n\t\t\t\t\t\t\t\t\t<p>V\u00e5ra Familjerum har plats f\u00f6r 4 boende. En sk\u00f6n dubbels\u00e4ng i kombo med v\u00e5ningss\u00e4ng ger m\u00f6jligheter f\u00f6r familjer, v\u00e4nner, kompisg\u00e4ng mm att kunna dela rum. Rummen har egen dusch och toalett,\u00a0 tillg\u00e5ng till fri WiFi och vattenkokare. Sj\u00e4lvklart finns \u00e4ven TV p\u00e5 dessa rum.<\/p>\t\t\t\t\t\t\t\t<\/div>\n\t\t\t\t<\/div>\n\t\t\t\t<section class=\"elementor-section elementor-inner-section elementor-element elementor-element-091d033 elementor-section-boxed elementor-section-height-default elementor-section-height-default\" data-id=\"091d033\" data-element_type=\"section\" data-e-type=\"section\">\n\t\t\t\t\t\t<div class=\"elementor-container elementor-column-gap-default\">\n\t\t\t\t\t<div class=\"elementor-column elementor-col-50 elementor-inner-column elementor-element elementor-element-801170c\" data-id=\"801170c\" data-element_type=\"column\" data-e-type=\"column\">\n\t\t\t<div class=\"elementor-widget-wrap elementor-element-populated\">\n\t\t\t\t\t\t<div class=\"elementor-element elementor-element-da1fd57 elementor-align-start elementor-icon-list--layout-traditional elementor-list-item-link-full_width elementor-widget elementor-widget-icon-list\" data-id=\"da1fd57\" data-element_type=\"widget\" data-e-type=\"widget\" data-widget_type=\"icon-list.default\">\n\t\t\t\t<div class=\"elementor-widget-container\">\n\t\t\t\t\t\t\t<ul class=\"elementor-icon-list-items\">\n\t\t\t\t\t\t\t<li class=\"elementor-icon-list-item\">\n\t\t\t\t\t\t\t\t\t\t\t<span class=\"elementor-icon-list-icon\">\n\t\t\t\t\t\t\t<i aria-hidden=\"true\" class=\"fas fa-wifi\"><\/i>\t\t\t\t\t\t<\/span>\n\t\t\t\t\t\t\t\t\t\t<span class=\"elementor-icon-list-text\">Wifi<\/span>\n\t\t\t\t\t\t\t\t\t<\/li>\n\t\t\t\t\t\t\t\t<li class=\"elementor-icon-list-item\">\n\t\t\t\t\t\t\t\t\t\t\t<span class=\"elementor-icon-list-icon\">\n\t\t\t\t\t\t\t<i aria-hidden=\"true\" class=\"fas fa-shower\"><\/i>\t\t\t\t\t\t<\/span>\n\t\t\t\t\t\t\t\t\t\t<span class=\"elementor-icon-list-text\">SHOWER<\/span>\n\t\t\t\t\t\t\t\t\t<\/li>\n\t\t\t\t\t\t\t\t<li class=\"elementor-icon-list-item\">\n\t\t\t\t\t\t\t\t\t\t\t<span class=\"elementor-icon-list-icon\">\n\t\t\t\t\t\t\t<i aria-hidden=\"true\" class=\"fas fa-toilet\"><\/i>\t\t\t\t\t\t<\/span>\n\t\t\t\t\t\t\t\t\t\t<span class=\"elementor-icon-list-text\">TOILET<\/span>\n\t\t\t\t\t\t\t\t\t<\/li>\n\t\t\t\t\t\t\t\t<li class=\"elementor-icon-list-item\">\n\t\t\t\t\t\t\t\t\t\t\t<span class=\"elementor-icon-list-icon\">\n\t\t\t\t\t\t\t<i aria-hidden=\"true\" class=\"fas fa-tv\"><\/i>\t\t\t\t\t\t<\/span>\n\t\t\t\t\t\t\t\t\t\t<span class=\"elementor-icon-list-text\">TV<\/span>\n\t\t\t\t\t\t\t\t\t<\/li>\n\t\t\t\t\t\t<\/ul>\n\t\t\t\t\t\t<\/div>\n\t\t\t\t<\/div>\n\t\t\t\t\t<\/div>\n\t\t<\/div>\n\t\t\t\t<div class=\"elementor-column elementor-col-50 elementor-inner-column elementor-element elementor-element-c9729ed\" data-id=\"c9729ed\" data-element_type=\"column\" data-e-type=\"column\">\n\t\t\t<div class=\"elementor-widget-wrap elementor-element-populated\">\n\t\t\t\t\t\t<div class=\"elementor-element elementor-element-d2cd68d elementor-align-start elementor-icon-list--layout-traditional elementor-list-item-link-full_width elementor-widget elementor-widget-icon-list\" data-id=\"d2cd68d\" data-element_type=\"widget\" data-e-type=\"widget\" data-widget_type=\"icon-list.default\">\n\t\t\t\t<div class=\"elementor-widget-container\">\n\t\t\t\t\t\t\t<ul class=\"elementor-icon-list-items\">\n\t\t\t\t\t\t\t<li class=\"elementor-icon-list-item\">\n\t\t\t\t\t\t\t\t\t\t\t<span class=\"elementor-icon-list-icon\">\n\t\t\t\t\t\t\t<i aria-hidden=\"true\" class=\"fas fa-sticky-note\"><\/i>\t\t\t\t\t\t<\/span>\n\t\t\t\t\t\t\t\t\t\t<span class=\"elementor-icon-list-text\">Handdukar och lakan<\/span>\n\t\t\t\t\t\t\t\t\t<\/li>\n\t\t\t\t\t\t\t\t<li class=\"elementor-icon-list-item\">\n\t\t\t\t\t\t\t\t\t\t\t<span class=\"elementor-icon-list-icon\">\n\t\t\t\t\t\t\t<i aria-hidden=\"true\" class=\"fas fa-satellite-dish\"><\/i>\t\t\t\t\t\t<\/span>\n\t\t\t\t\t\t\t\t\t\t<span class=\"elementor-icon-list-text\">SATELITE CHANNELS<\/span>\n\t\t\t\t\t\t\t\t\t<\/li>\n\t\t\t\t\t\t\t\t<li class=\"elementor-icon-list-item\">\n\t\t\t\t\t\t\t\t\t\t\t<span class=\"elementor-icon-list-icon\">\n\t\t\t\t\t\t\t<i aria-hidden=\"true\" class=\"fas fa-tint\"><\/i>\t\t\t\t\t\t<\/span>\n\t\t\t\t\t\t\t\t\t\t<span class=\"elementor-icon-list-text\">ACCESS TO WASHING MACHINE AND TUMBLE DRYER<\/span>\n\t\t\t\t\t\t\t\t\t<\/li>\n\t\t\t\t\t\t<\/ul>\n\t\t\t\t\t\t<\/div>\n\t\t\t\t<\/div>\n\t\t\t\t\t<\/div>\n\t\t<\/div>\n\t\t\t\t\t<\/div>\n\t\t<\/section>\n\t\t\t\t<div class=\"elementor-element elementor-element-206161c elementor-widget elementor-widget-button\" data-id=\"206161c\" data-element_type=\"widget\" data-e-type=\"widget\" data-widget_type=\"button.default\">\n\t\t\t\t<div class=\"elementor-widget-container\">\n\t\t\t\t\t\t\t\t\t<div class=\"elementor-button-wrapper\">\n\t\t\t\t\t<a class=\"elementor-button elementor-button-link elementor-size-sm elementor-animation-grow\" href=\"https:\/\/picassoonline.techotel.dk\/sv\/karlskoga-hotell\/karlskoga-hotell\/booking\/rooms\/\" target=\"_blank\">\n\t\t\t\t\t\t<span class=\"elementor-button-content-wrapper\">\n\t\t\t\t\t\t\t\t\t<span class=\"elementor-button-text\">Book now<\/span>\n\t\t\t\t\t<\/span>\n\t\t\t\t\t<\/a>\n\t\t\t\t<\/div>\n\t\t\t\t\t\t\t\t<\/div>\n\t\t\t\t<\/div>\n\t\t\t\t\t<\/div>\n\t\t<\/div>\n\t\t\t\t\t<\/div>\n\t\t<\/section>\n\t\t\t\t<\/div>","protected":false},"excerpt":{"rendered":"<p>Familjerum Tillbaka Familjerum V\u00e5ra Familjerum har plats f\u00f6r 4 boende. En sk\u00f6n dubbels\u00e4ng i kombo med v\u00e5ningss\u00e4ng ger m\u00f6jligheter f\u00f6r familjer, v\u00e4nner, kompisg\u00e4ng mm att kunna dela rum. Rummen har egen dusch och toalett,\u00a0 tillg\u00e5ng till fri WiFi och vattenkokare. Sj\u00e4lvklart finns \u00e4ven TV p\u00e5 dessa rum. Wifi Dusch Toalett TV Handdukar och lakan Satellitkanaler [&hellip;]<\/p>\n","protected":false},"author":1,"featured_media":0,"parent":187,"menu_order":0,"comment_status":"closed","ping_status":"closed","template":"elementor_header_footer","meta":{"footnotes":""},"class_list":["post-1313","page","type-page","status-publish","hentry"],"yoast_head":"<!-- This site is optimized with the Yoast SEO plugin v27.4 - https:\/\/yoast.com\/product\/yoast-seo-wordpress\/ -->\n<title>Familjerum - Karlskoga hotell<\/title>\n<meta name=\"robots\" content=\"index, follow, max-snippet:-1, max-image-preview:large, max-video-preview:-1\" \/>\n<link rel=\"canonical\" href=\"https:\/\/karlskogahotell.se\/en\/boende\/ekonomirum\/\" \/>\n<meta property=\"og:locale\" content=\"en_GB\" \/>\n<meta property=\"og:type\" content=\"article\" \/>\n<meta property=\"og:title\" content=\"Familjerum - Karlskoga hotell\" \/>\n<meta property=\"og:description\" content=\"Familjerum Tillbaka Familjerum V\u00e5ra Familjerum har plats f\u00f6r 4 boende. En sk\u00f6n dubbels\u00e4ng i kombo med v\u00e5ningss\u00e4ng ger m\u00f6jligheter f\u00f6r familjer, v\u00e4nner, kompisg\u00e4ng mm att kunna dela rum. Rummen har egen dusch och toalett,\u00a0 tillg\u00e5ng till fri WiFi och vattenkokare. Sj\u00e4lvklart finns \u00e4ven TV p\u00e5 dessa rum. Wifi Dusch Toalett TV Handdukar och lakan Satellitkanaler [&hellip;]\" \/>\n<meta property=\"og:url\" content=\"https:\/\/karlskogahotell.se\/en\/boende\/ekonomirum\/\" \/>\n<meta property=\"og:site_name\" content=\"Karlskoga hotell\" \/>\n<meta property=\"article:modified_time\" content=\"2024-04-10T10:35:38+00:00\" \/>\n<meta property=\"og:image\" content=\"http:\/\/media.karlskogahotell.se\/2021\/03\/Familj4-1024x682.jpg\" \/>\n<meta name=\"twitter:card\" content=\"summary_large_image\" \/>\n<meta name=\"twitter:label1\" content=\"Estimated reading time\" \/>\n\t<meta name=\"twitter:data1\" content=\"1 minute\" \/>\n<script type=\"application\/ld+json\" class=\"yoast-schema-graph\">{\"@context\":\"https:\\\/\\\/schema.org\",\"@graph\":[{\"@type\":\"WebPage\",\"@id\":\"https:\\\/\\\/karlskogahotell.se\\\/boende\\\/ekonomirum\\\/\",\"url\":\"https:\\\/\\\/karlskogahotell.se\\\/boende\\\/ekonomirum\\\/\",\"name\":\"Familjerum - Karlskoga hotell\",\"isPartOf\":{\"@id\":\"https:\\\/\\\/karlskogahotell.se\\\/#website\"},\"primaryImageOfPage\":{\"@id\":\"https:\\\/\\\/karlskogahotell.se\\\/boende\\\/ekonomirum\\\/#primaryimage\"},\"image\":{\"@id\":\"https:\\\/\\\/karlskogahotell.se\\\/boende\\\/ekonomirum\\\/#primaryimage\"},\"thumbnailUrl\":\"http:\\\/\\\/media.karlskogahotell.se\\\/2021\\\/03\\\/Familj4-1024x682.jpg\",\"datePublished\":\"2021-05-08T09:08:31+00:00\",\"dateModified\":\"2024-04-10T10:35:38+00:00\",\"breadcrumb\":{\"@id\":\"https:\\\/\\\/karlskogahotell.se\\\/boende\\\/ekonomirum\\\/#breadcrumb\"},\"inLanguage\":\"en-GB\",\"potentialAction\":[{\"@type\":\"ReadAction\",\"target\":[\"https:\\\/\\\/karlskogahotell.se\\\/boende\\\/ekonomirum\\\/\"]}]},{\"@type\":\"ImageObject\",\"inLanguage\":\"en-GB\",\"@id\":\"https:\\\/\\\/karlskogahotell.se\\\/boende\\\/ekonomirum\\\/#primaryimage\",\"url\":\"http:\\\/\\\/media.karlskogahotell.se\\\/2021\\\/03\\\/Familj4-1024x682.jpg\",\"contentUrl\":\"http:\\\/\\\/media.karlskogahotell.se\\\/2021\\\/03\\\/Familj4-1024x682.jpg\"},{\"@type\":\"BreadcrumbList\",\"@id\":\"https:\\\/\\\/karlskogahotell.se\\\/boende\\\/ekonomirum\\\/#breadcrumb\",\"itemListElement\":[{\"@type\":\"ListItem\",\"position\":1,\"name\":\"Hem\",\"item\":\"https:\\\/\\\/karlskogahotell.se\\\/\"},{\"@type\":\"ListItem\",\"position\":2,\"name\":\"Boende\",\"item\":\"https:\\\/\\\/karlskogahotell.se\\\/boende\\\/\"},{\"@type\":\"ListItem\",\"position\":3,\"name\":\"Familjerum\"}]},{\"@type\":\"WebSite\",\"@id\":\"https:\\\/\\\/karlskogahotell.se\\\/#website\",\"url\":\"https:\\\/\\\/karlskogahotell.se\\\/\",\"name\":\"Karlskoga hotell\",\"description\":\"Ett n\u00e4ra hotell i Karlskoga\",\"publisher\":{\"@id\":\"https:\\\/\\\/karlskogahotell.se\\\/#organization\"},\"potentialAction\":[{\"@type\":\"SearchAction\",\"target\":{\"@type\":\"EntryPoint\",\"urlTemplate\":\"https:\\\/\\\/karlskogahotell.se\\\/?s={search_term_string}\"},\"query-input\":{\"@type\":\"PropertyValueSpecification\",\"valueRequired\":true,\"valueName\":\"search_term_string\"}}],\"inLanguage\":\"en-GB\"},{\"@type\":\"Organization\",\"@id\":\"https:\\\/\\\/karlskogahotell.se\\\/#organization\",\"name\":\"Karlskoga hotell\",\"url\":\"https:\\\/\\\/karlskogahotell.se\\\/\",\"logo\":{\"@type\":\"ImageObject\",\"inLanguage\":\"en-GB\",\"@id\":\"https:\\\/\\\/karlskogahotell.se\\\/#\\\/schema\\\/logo\\\/image\\\/\",\"url\":\"https:\\\/\\\/media.karlskogahotell.se\\\/2021\\\/03\\\/KarlskogaHotell_logotype_COLOR.png\",\"contentUrl\":\"https:\\\/\\\/media.karlskogahotell.se\\\/2021\\\/03\\\/KarlskogaHotell_logotype_COLOR.png\",\"width\":4522,\"height\":1170,\"caption\":\"Karlskoga hotell\"},\"image\":{\"@id\":\"https:\\\/\\\/karlskogahotell.se\\\/#\\\/schema\\\/logo\\\/image\\\/\"}}]}<\/script>\n<!-- \/ Yoast SEO plugin. -->","yoast_head_json":{"title":"Familjerum - Karlskoga hotell","robots":{"index":"index","follow":"follow","max-snippet":"max-snippet:-1","max-image-preview":"max-image-preview:large","max-video-preview":"max-video-preview:-1"},"canonical":"https:\/\/karlskogahotell.se\/en\/boende\/ekonomirum\/","og_locale":"en_GB","og_type":"article","og_title":"Familjerum - Karlskoga hotell","og_description":"Familjerum Tillbaka Familjerum V\u00e5ra Familjerum har plats f\u00f6r 4 boende. En sk\u00f6n dubbels\u00e4ng i kombo med v\u00e5ningss\u00e4ng ger m\u00f6jligheter f\u00f6r familjer, v\u00e4nner, kompisg\u00e4ng mm att kunna dela rum. Rummen har egen dusch och toalett,\u00a0 tillg\u00e5ng till fri WiFi och vattenkokare. Sj\u00e4lvklart finns \u00e4ven TV p\u00e5 dessa rum. Wifi Dusch Toalett TV Handdukar och lakan Satellitkanaler [&hellip;]","og_url":"https:\/\/karlskogahotell.se\/en\/boende\/ekonomirum\/","og_site_name":"Karlskoga hotell","article_modified_time":"2024-04-10T10:35:38+00:00","og_image":[{"url":"http:\/\/media.karlskogahotell.se\/2021\/03\/Familj4-1024x682.jpg","type":"","width":"","height":""}],"twitter_card":"summary_large_image","twitter_misc":{"Estimated reading time":"1 minute"},"schema":{"@context":"https:\/\/schema.org","@graph":[{"@type":"WebPage","@id":"https:\/\/karlskogahotell.se\/boende\/ekonomirum\/","url":"https:\/\/karlskogahotell.se\/boende\/ekonomirum\/","name":"Familjerum - Karlskoga hotell","isPartOf":{"@id":"https:\/\/karlskogahotell.se\/#website"},"primaryImageOfPage":{"@id":"https:\/\/karlskogahotell.se\/boende\/ekonomirum\/#primaryimage"},"image":{"@id":"https:\/\/karlskogahotell.se\/boende\/ekonomirum\/#primaryimage"},"thumbnailUrl":"http:\/\/media.karlskogahotell.se\/2021\/03\/Familj4-1024x682.jpg","datePublished":"2021-05-08T09:08:31+00:00","dateModified":"2024-04-10T10:35:38+00:00","breadcrumb":{"@id":"https:\/\/karlskogahotell.se\/boende\/ekonomirum\/#breadcrumb"},"inLanguage":"en-GB","potentialAction":[{"@type":"ReadAction","target":["https:\/\/karlskogahotell.se\/boende\/ekonomirum\/"]}]},{"@type":"ImageObject","inLanguage":"en-GB","@id":"https:\/\/karlskogahotell.se\/boende\/ekonomirum\/#primaryimage","url":"http:\/\/media.karlskogahotell.se\/2021\/03\/Familj4-1024x682.jpg","contentUrl":"http:\/\/media.karlskogahotell.se\/2021\/03\/Familj4-1024x682.jpg"},{"@type":"BreadcrumbList","@id":"https:\/\/karlskogahotell.se\/boende\/ekonomirum\/#breadcrumb","itemListElement":[{"@type":"ListItem","position":1,"name":"Hem","item":"https:\/\/karlskogahotell.se\/"},{"@type":"ListItem","position":2,"name":"Boende","item":"https:\/\/karlskogahotell.se\/boende\/"},{"@type":"ListItem","position":3,"name":"Familjerum"}]},{"@type":"WebSite","@id":"https:\/\/karlskogahotell.se\/#website","url":"https:\/\/karlskogahotell.se\/","name":"Karlskoga Hotel","description":"A local hotel in Karlskoga","publisher":{"@id":"https:\/\/karlskogahotell.se\/#organization"},"potentialAction":[{"@type":"SearchAction","target":{"@type":"EntryPoint","urlTemplate":"https:\/\/karlskogahotell.se\/?s={search_term_string}"},"query-input":{"@type":"PropertyValueSpecification","valueRequired":true,"valueName":"search_term_string"}}],"inLanguage":"en-GB"},{"@type":"Organization","@id":"https:\/\/karlskogahotell.se\/#organization","name":"Karlskoga Hotel","url":"https:\/\/karlskogahotell.se\/","logo":{"@type":"ImageObject","inLanguage":"en-GB","@id":"https:\/\/karlskogahotell.se\/#\/schema\/logo\/image\/","url":"https:\/\/media.karlskogahotell.se\/2021\/03\/KarlskogaHotell_logotype_COLOR.png","contentUrl":"https:\/\/media.karlskogahotell.se\/2021\/03\/KarlskogaHotell_logotype_COLOR.png","width":4522,"height":1170,"caption":"Karlskoga hotell"},"image":{"@id":"https:\/\/karlskogahotell.se\/#\/schema\/logo\/image\/"}}]}},"_links":{"self":[{"href":"https:\/\/karlskogahotell.se\/en\/wp-json\/wp\/v2\/pages\/1313","targetHints":{"allow":["GET"]}}],"collection":[{"href":"https:\/\/karlskogahotell.se\/en\/wp-json\/wp\/v2\/pages"}],"about":[{"href":"https:\/\/karlskogahotell.se\/en\/wp-json\/wp\/v2\/types\/page"}],"author":[{"embeddable":true,"href":"https:\/\/karlskogahotell.se\/en\/wp-json\/wp\/v2\/users\/1"}],"replies":[{"embeddable":true,"href":"https:\/\/karlskogahotell.se\/en\/wp-json\/wp\/v2\/comments?post=1313"}],"version-history":[{"count":38,"href":"https:\/\/karlskogahotell.se\/en\/wp-json\/wp\/v2\/pages\/1313\/revisions"}],"predecessor-version":[{"id":4588,"href":"https:\/\/karlskogahotell.se\/en\/wp-json\/wp\/v2\/pages\/1313\/revisions\/4588"}],"up":[{"embeddable":true,"href":"https:\/\/karlskogahotell.se\/en\/wp-json\/wp\/v2\/pages\/187"}],"wp:attachment":[{"href":"https:\/\/karlskogahotell.se\/en\/wp-json\/wp\/v2\/media?parent=1313"}],"curies":[{"name":"wp","href":"https:\/\/api.w.org\/{rel}","templated":true}]}}