{"id":1350,"date":"2021-05-08T09:29:50","date_gmt":"2021-05-08T09:29:50","guid":{"rendered":"https:\/\/karlskogahotell.se\/?page_id=1350"},"modified":"2021-06-08T07:45:56","modified_gmt":"2021-06-08T07:45:56","slug":"covid-19","status":"publish","type":"page","link":"https:\/\/karlskogahotell.se\/en\/covid-19\/","title":{"rendered":"Covid-19"},"content":{"rendered":"<div data-elementor-type=\"wp-page\" data-elementor-id=\"1350\" class=\"elementor elementor-1350\" data-elementor-post-type=\"page\">\n\t\t\t\t\t\t<section class=\"elementor-section elementor-top-section elementor-element elementor-element-a2f3517 elementor-section-height-min-height elementor-section-boxed elementor-section-height-default elementor-section-items-middle\" data-id=\"a2f3517\" data-element_type=\"section\" data-e-type=\"section\" data-settings=\"{&quot;background_background&quot;:&quot;classic&quot;}\">\n\t\t\t\t\t\t\t<div class=\"elementor-background-overlay\"><\/div>\n\t\t\t\t\t\t\t<div class=\"elementor-container elementor-column-gap-default\">\n\t\t\t\t\t<div class=\"elementor-column elementor-col-100 elementor-top-column elementor-element elementor-element-d5b1b97\" data-id=\"d5b1b97\" data-element_type=\"column\" data-e-type=\"column\">\n\t\t\t<div class=\"elementor-widget-wrap elementor-element-populated\">\n\t\t\t\t\t\t<div class=\"elementor-element elementor-element-f3d41db elementor-widget elementor-widget-heading\" data-id=\"f3d41db\" data-element_type=\"widget\" data-e-type=\"widget\" data-widget_type=\"heading.default\">\n\t\t\t\t<div class=\"elementor-widget-container\">\n\t\t\t\t\t<h1 class=\"elementor-heading-title elementor-size-default\">Corona<\/h1>\t\t\t\t<\/div>\n\t\t\t\t<\/div>\n\t\t\t\t<div class=\"elementor-element elementor-element-ca158e7 elementor-widget elementor-widget-text-editor\" data-id=\"ca158e7\" data-element_type=\"widget\" data-e-type=\"widget\" data-widget_type=\"text-editor.default\">\n\t\t\t\t<div class=\"elementor-widget-container\">\n\t\t\t\t\t\t\t\t\t<p>Due to Corona virus, Karlskoga Hotel wish to inform you of the precautions we are taking so that you as a guest feel secure during your visit.<\/p>\t\t\t\t\t\t\t\t<\/div>\n\t\t\t\t<\/div>\n\t\t\t\t\t<\/div>\n\t\t<\/div>\n\t\t\t\t\t<\/div>\n\t\t<\/section>\n\t\t\t\t<section class=\"elementor-section elementor-top-section elementor-element elementor-element-64ba81a elementor-section-boxed elementor-section-height-default elementor-section-height-default\" data-id=\"64ba81a\" data-element_type=\"section\" data-e-type=\"section\">\n\t\t\t\t\t\t<div class=\"elementor-container elementor-column-gap-default\">\n\t\t\t\t\t<div class=\"elementor-column elementor-col-100 elementor-top-column elementor-element elementor-element-a2f8d25\" data-id=\"a2f8d25\" data-element_type=\"column\" data-e-type=\"column\">\n\t\t\t<div class=\"elementor-widget-wrap elementor-element-populated\">\n\t\t\t\t\t\t<div class=\"elementor-element elementor-element-6df5962 elementor-align-left elementor-widget elementor-widget-breadcrumbs\" data-id=\"6df5962\" data-element_type=\"widget\" data-e-type=\"widget\" data-widget_type=\"breadcrumbs.default\">\n\t\t\t\t<div class=\"elementor-widget-container\">\n\t\t\t\t\t<p id=\"breadcrumbs\"><span><span><a href=\"https:\/\/karlskogahotell.se\/en\">Home<\/a><\/span><\/span><\/p>\t\t\t\t<\/div>\n\t\t\t\t<\/div>\n\t\t\t\t\t<\/div>\n\t\t<\/div>\n\t\t\t\t\t<\/div>\n\t\t<\/section>\n\t\t\t\t<section class=\"elementor-section elementor-top-section elementor-element elementor-element-757cc93 elementor-section-boxed elementor-section-height-default elementor-section-height-default\" data-id=\"757cc93\" data-element_type=\"section\" data-e-type=\"section\">\n\t\t\t\t\t\t<div class=\"elementor-container elementor-column-gap-default\">\n\t\t\t\t\t<div class=\"elementor-column elementor-col-100 elementor-top-column elementor-element elementor-element-ca9a477\" data-id=\"ca9a477\" data-element_type=\"column\" data-e-type=\"column\">\n\t\t\t<div class=\"elementor-widget-wrap elementor-element-populated\">\n\t\t\t\t\t\t<div class=\"elementor-element elementor-element-4cf0b67 elementor-widget elementor-widget-heading\" data-id=\"4cf0b67\" data-element_type=\"widget\" data-e-type=\"widget\" data-widget_type=\"heading.default\">\n\t\t\t\t<div class=\"elementor-widget-container\">\n\t\t\t\t\t<h3 class=\"elementor-heading-title elementor-size-default\">Dear customer and guest,<\/h3>\t\t\t\t<\/div>\n\t\t\t\t<\/div>\n\t\t\t\t<div class=\"elementor-element elementor-element-909b7ed elementor-widget elementor-widget-text-editor\" data-id=\"909b7ed\" data-element_type=\"widget\" data-e-type=\"widget\" data-widget_type=\"text-editor.default\">\n\t\t\t\t<div class=\"elementor-widget-container\">\n\t\t\t\t\t\t\t\t\t<p>The safety of your and our employees is of paramount importance at present, so you as a customer and guest can feel secure in our venue and restaurant.<\/p><p>The hotel management check the reports regarding the Corona virus daily, evaluate what we are doing and make up-to-date decisions on required measures if the situation changes.<\/p><p>Our staff get daily information from, and work in accordance with, guidelines from the Swedish Public Health Agency: Wash hands regularly for at least 30 seconds, cough or sneeze into the crook of the arm, avoid touching eyes, nose and mouth, and stay home when you are sick.<\/p><p>We have introduced new cleaning routines and checks which include everything from door handles, handrails to more frequent cleaning of communal areas and guest toilets. Our kitchen is being continuously cleaned. Our employees wear gloves.<\/p><p>From the 16 March we return to table service for lunch, in place of the previous buffet. You will get the same great food, served on a plate together with a tasty salad and bread, you are welcome to refills if you wish. Moreover, if you feel extra hungry, just let them know at the reception. If you prefer to have your lunch in a container to take-away, we can do that. If you are short of time, ring ahead so that it is ready for you when you arrive!<\/p><p>Please let us know if you have questions on the above and our routines. Welcome to the Karlskoga Hotel!<\/p>\t\t\t\t\t\t\t\t<\/div>\n\t\t\t\t<\/div>\n\t\t\t\t\t<\/div>\n\t\t<\/div>\n\t\t\t\t\t<\/div>\n\t\t<\/section>\n\t\t\t\t<\/div>","protected":false},"excerpt":{"rendered":"<p>Corona Med anledning av Coronaviruset s\u00e5 vill Karlskoga Hotell informera om de \u00e5tg\u00e4rder vi g\u00f6r f\u00f6r att du som g\u00e4st ska k\u00e4nna dig trygg med att bes\u00f6ka oss. K\u00e4ra kund och g\u00e4st, Din och v\u00e5ra medarbetares s\u00e4kerhet \u00e4r det viktigaste i nul\u00e4get och du som kund och g\u00e4st ska kunna k\u00e4nna dig trygg i v\u00e5ra [&hellip;]<\/p>\n","protected":false},"author":1,"featured_media":0,"parent":0,"menu_order":0,"comment_status":"closed","ping_status":"closed","template":"elementor_header_footer","meta":{"footnotes":""},"class_list":["post-1350","page","type-page","status-publish","hentry"],"yoast_head":"<!-- This site is optimized with the Yoast SEO plugin v27.4 - https:\/\/yoast.com\/product\/yoast-seo-wordpress\/ -->\n<title>Covid-19 - Karlskoga hotell<\/title>\n<meta name=\"robots\" content=\"index, follow, max-snippet:-1, max-image-preview:large, max-video-preview:-1\" \/>\n<link rel=\"canonical\" href=\"https:\/\/karlskogahotell.se\/en\/covid-19\/\" \/>\n<meta property=\"og:locale\" content=\"en_GB\" \/>\n<meta property=\"og:type\" content=\"article\" \/>\n<meta property=\"og:title\" content=\"Covid-19 - Karlskoga hotell\" \/>\n<meta property=\"og:description\" content=\"Corona Med anledning av Coronaviruset s\u00e5 vill Karlskoga Hotell informera om de \u00e5tg\u00e4rder vi g\u00f6r f\u00f6r att du som g\u00e4st ska k\u00e4nna dig trygg med att bes\u00f6ka oss. K\u00e4ra kund och g\u00e4st, Din och v\u00e5ra medarbetares s\u00e4kerhet \u00e4r det viktigaste i nul\u00e4get och du som kund och g\u00e4st ska kunna k\u00e4nna dig trygg i v\u00e5ra [&hellip;]\" \/>\n<meta property=\"og:url\" content=\"https:\/\/karlskogahotell.se\/en\/covid-19\/\" \/>\n<meta property=\"og:site_name\" content=\"Karlskoga hotell\" \/>\n<meta property=\"article:modified_time\" content=\"2021-06-08T07:45:56+00:00\" \/>\n<meta name=\"twitter:card\" content=\"summary_large_image\" \/>\n<meta name=\"twitter:label1\" content=\"Estimated reading time\" \/>\n\t<meta name=\"twitter:data1\" content=\"2 minutes\" \/>\n<script type=\"application\/ld+json\" class=\"yoast-schema-graph\">{\"@context\":\"https:\\\/\\\/schema.org\",\"@graph\":[{\"@type\":\"WebPage\",\"@id\":\"https:\\\/\\\/karlskogahotell.se\\\/covid-19\\\/\",\"url\":\"https:\\\/\\\/karlskogahotell.se\\\/covid-19\\\/\",\"name\":\"Covid-19 - Karlskoga hotell\",\"isPartOf\":{\"@id\":\"https:\\\/\\\/karlskogahotell.se\\\/#website\"},\"datePublished\":\"2021-05-08T09:29:50+00:00\",\"dateModified\":\"2021-06-08T07:45:56+00:00\",\"breadcrumb\":{\"@id\":\"https:\\\/\\\/karlskogahotell.se\\\/covid-19\\\/#breadcrumb\"},\"inLanguage\":\"en-GB\",\"potentialAction\":[{\"@type\":\"ReadAction\",\"target\":[\"https:\\\/\\\/karlskogahotell.se\\\/covid-19\\\/\"]}]},{\"@type\":\"BreadcrumbList\",\"@id\":\"https:\\\/\\\/karlskogahotell.se\\\/covid-19\\\/#breadcrumb\",\"itemListElement\":[{\"@type\":\"ListItem\",\"position\":1,\"name\":\"Hem\",\"item\":\"https:\\\/\\\/karlskogahotell.se\\\/\"},{\"@type\":\"ListItem\",\"position\":2,\"name\":\"Covid-19\"}]},{\"@type\":\"WebSite\",\"@id\":\"https:\\\/\\\/karlskogahotell.se\\\/#website\",\"url\":\"https:\\\/\\\/karlskogahotell.se\\\/\",\"name\":\"Karlskoga hotell\",\"description\":\"Ett n\u00e4ra hotell i Karlskoga\",\"publisher\":{\"@id\":\"https:\\\/\\\/karlskogahotell.se\\\/#organization\"},\"potentialAction\":[{\"@type\":\"SearchAction\",\"target\":{\"@type\":\"EntryPoint\",\"urlTemplate\":\"https:\\\/\\\/karlskogahotell.se\\\/?s={search_term_string}\"},\"query-input\":{\"@type\":\"PropertyValueSpecification\",\"valueRequired\":true,\"valueName\":\"search_term_string\"}}],\"inLanguage\":\"en-GB\"},{\"@type\":\"Organization\",\"@id\":\"https:\\\/\\\/karlskogahotell.se\\\/#organization\",\"name\":\"Karlskoga hotell\",\"url\":\"https:\\\/\\\/karlskogahotell.se\\\/\",\"logo\":{\"@type\":\"ImageObject\",\"inLanguage\":\"en-GB\",\"@id\":\"https:\\\/\\\/karlskogahotell.se\\\/#\\\/schema\\\/logo\\\/image\\\/\",\"url\":\"https:\\\/\\\/media.karlskogahotell.se\\\/2021\\\/03\\\/KarlskogaHotell_logotype_COLOR.png\",\"contentUrl\":\"https:\\\/\\\/media.karlskogahotell.se\\\/2021\\\/03\\\/KarlskogaHotell_logotype_COLOR.png\",\"width\":4522,\"height\":1170,\"caption\":\"Karlskoga hotell\"},\"image\":{\"@id\":\"https:\\\/\\\/karlskogahotell.se\\\/#\\\/schema\\\/logo\\\/image\\\/\"}}]}<\/script>\n<!-- \/ Yoast SEO plugin. -->","yoast_head_json":{"title":"Covid-19 - Karlskoga hotell","robots":{"index":"index","follow":"follow","max-snippet":"max-snippet:-1","max-image-preview":"max-image-preview:large","max-video-preview":"max-video-preview:-1"},"canonical":"https:\/\/karlskogahotell.se\/en\/covid-19\/","og_locale":"en_GB","og_type":"article","og_title":"Covid-19 - Karlskoga hotell","og_description":"Corona Med anledning av Coronaviruset s\u00e5 vill Karlskoga Hotell informera om de \u00e5tg\u00e4rder vi g\u00f6r f\u00f6r att du som g\u00e4st ska k\u00e4nna dig trygg med att bes\u00f6ka oss. K\u00e4ra kund och g\u00e4st, Din och v\u00e5ra medarbetares s\u00e4kerhet \u00e4r det viktigaste i nul\u00e4get och du som kund och g\u00e4st ska kunna k\u00e4nna dig trygg i v\u00e5ra [&hellip;]","og_url":"https:\/\/karlskogahotell.se\/en\/covid-19\/","og_site_name":"Karlskoga hotell","article_modified_time":"2021-06-08T07:45:56+00:00","twitter_card":"summary_large_image","twitter_misc":{"Estimated reading time":"2 minutes"},"schema":{"@context":"https:\/\/schema.org","@graph":[{"@type":"WebPage","@id":"https:\/\/karlskogahotell.se\/covid-19\/","url":"https:\/\/karlskogahotell.se\/covid-19\/","name":"Covid-19 - Karlskoga hotell","isPartOf":{"@id":"https:\/\/karlskogahotell.se\/#website"},"datePublished":"2021-05-08T09:29:50+00:00","dateModified":"2021-06-08T07:45:56+00:00","breadcrumb":{"@id":"https:\/\/karlskogahotell.se\/covid-19\/#breadcrumb"},"inLanguage":"en-GB","potentialAction":[{"@type":"ReadAction","target":["https:\/\/karlskogahotell.se\/covid-19\/"]}]},{"@type":"BreadcrumbList","@id":"https:\/\/karlskogahotell.se\/covid-19\/#breadcrumb","itemListElement":[{"@type":"ListItem","position":1,"name":"Hem","item":"https:\/\/karlskogahotell.se\/"},{"@type":"ListItem","position":2,"name":"Covid-19"}]},{"@type":"WebSite","@id":"https:\/\/karlskogahotell.se\/#website","url":"https:\/\/karlskogahotell.se\/","name":"Karlskoga Hotel","description":"A local hotel in Karlskoga","publisher":{"@id":"https:\/\/karlskogahotell.se\/#organization"},"potentialAction":[{"@type":"SearchAction","target":{"@type":"EntryPoint","urlTemplate":"https:\/\/karlskogahotell.se\/?s={search_term_string}"},"query-input":{"@type":"PropertyValueSpecification","valueRequired":true,"valueName":"search_term_string"}}],"inLanguage":"en-GB"},{"@type":"Organization","@id":"https:\/\/karlskogahotell.se\/#organization","name":"Karlskoga Hotel","url":"https:\/\/karlskogahotell.se\/","logo":{"@type":"ImageObject","inLanguage":"en-GB","@id":"https:\/\/karlskogahotell.se\/#\/schema\/logo\/image\/","url":"https:\/\/media.karlskogahotell.se\/2021\/03\/KarlskogaHotell_logotype_COLOR.png","contentUrl":"https:\/\/media.karlskogahotell.se\/2021\/03\/KarlskogaHotell_logotype_COLOR.png","width":4522,"height":1170,"caption":"Karlskoga hotell"},"image":{"@id":"https:\/\/karlskogahotell.se\/#\/schema\/logo\/image\/"}}]}},"_links":{"self":[{"href":"https:\/\/karlskogahotell.se\/en\/wp-json\/wp\/v2\/pages\/1350","targetHints":{"allow":["GET"]}}],"collection":[{"href":"https:\/\/karlskogahotell.se\/en\/wp-json\/wp\/v2\/pages"}],"about":[{"href":"https:\/\/karlskogahotell.se\/en\/wp-json\/wp\/v2\/types\/page"}],"author":[{"embeddable":true,"href":"https:\/\/karlskogahotell.se\/en\/wp-json\/wp\/v2\/users\/1"}],"replies":[{"embeddable":true,"href":"https:\/\/karlskogahotell.se\/en\/wp-json\/wp\/v2\/comments?post=1350"}],"version-history":[{"count":25,"href":"https:\/\/karlskogahotell.se\/en\/wp-json\/wp\/v2\/pages\/1350\/revisions"}],"predecessor-version":[{"id":2393,"href":"https:\/\/karlskogahotell.se\/en\/wp-json\/wp\/v2\/pages\/1350\/revisions\/2393"}],"wp:attachment":[{"href":"https:\/\/karlskogahotell.se\/en\/wp-json\/wp\/v2\/media?parent=1350"}],"curies":[{"name":"wp","href":"https:\/\/api.w.org\/{rel}","templated":true}]}}