{"id":3,"date":"2021-02-25T23:13:55","date_gmt":"2021-02-25T23:13:55","guid":{"rendered":"http:\/\/karlskogahotell.se\/?page_id=3"},"modified":"2021-07-07T08:15:25","modified_gmt":"2021-07-07T08:15:25","slug":"cookies","status":"publish","type":"page","link":"https:\/\/karlskogahotell.se\/en\/cookies\/","title":{"rendered":"Cookies"},"content":{"rendered":"<div data-elementor-type=\"wp-page\" data-elementor-id=\"3\" class=\"elementor elementor-3\" data-elementor-post-type=\"page\">\n\t\t\t\t\t\t<section class=\"elementor-section elementor-top-section elementor-element elementor-element-86aee95 elementor-section-height-min-height elementor-section-boxed elementor-section-height-default elementor-section-items-middle\" data-id=\"86aee95\" data-element_type=\"section\" data-e-type=\"section\" data-settings=\"{&quot;background_background&quot;:&quot;classic&quot;}\">\n\t\t\t\t\t\t\t<div class=\"elementor-background-overlay\"><\/div>\n\t\t\t\t\t\t\t<div class=\"elementor-container elementor-column-gap-default\">\n\t\t\t\t\t<div class=\"elementor-column elementor-col-100 elementor-top-column elementor-element elementor-element-0a12389\" data-id=\"0a12389\" data-element_type=\"column\" data-e-type=\"column\">\n\t\t\t<div class=\"elementor-widget-wrap elementor-element-populated\">\n\t\t\t\t\t\t<div class=\"elementor-element elementor-element-c43cb7a elementor-widget elementor-widget-heading\" data-id=\"c43cb7a\" data-element_type=\"widget\" data-e-type=\"widget\" data-widget_type=\"heading.default\">\n\t\t\t\t<div class=\"elementor-widget-container\">\n\t\t\t\t\t<h1 class=\"elementor-heading-title elementor-size-default\">Integritetspolicy<\/h1>\t\t\t\t<\/div>\n\t\t\t\t<\/div>\n\t\t\t\t<div class=\"elementor-element elementor-element-073f8ee elementor-widget elementor-widget-text-editor\" data-id=\"073f8ee\" data-element_type=\"widget\" data-e-type=\"widget\" data-widget_type=\"text-editor.default\">\n\t\t\t\t<div class=\"elementor-widget-container\">\n\t\t\t\t\t\t\t\t\t<p>S\u00e5 hanterar vi cookies och personuppgifter.<\/p>\t\t\t\t\t\t\t\t<\/div>\n\t\t\t\t<\/div>\n\t\t\t\t\t<\/div>\n\t\t<\/div>\n\t\t\t\t\t<\/div>\n\t\t<\/section>\n\t\t\t\t<section class=\"elementor-section elementor-top-section elementor-element elementor-element-d12bc0a elementor-section-boxed elementor-section-height-default elementor-section-height-default\" data-id=\"d12bc0a\" data-element_type=\"section\" data-e-type=\"section\">\n\t\t\t\t\t\t<div class=\"elementor-container elementor-column-gap-default\">\n\t\t\t\t\t<div class=\"elementor-column elementor-col-100 elementor-top-column elementor-element elementor-element-cd023c0\" data-id=\"cd023c0\" data-element_type=\"column\" data-e-type=\"column\">\n\t\t\t<div class=\"elementor-widget-wrap elementor-element-populated\">\n\t\t\t\t\t\t<div class=\"elementor-element elementor-element-513bf59 elementor-align-left elementor-widget elementor-widget-breadcrumbs\" data-id=\"513bf59\" data-element_type=\"widget\" data-e-type=\"widget\" data-widget_type=\"breadcrumbs.default\">\n\t\t\t\t<div class=\"elementor-widget-container\">\n\t\t\t\t\t<p id=\"breadcrumbs\"><span><span><a href=\"https:\/\/karlskogahotell.se\/en\">Home<\/a><\/span><\/span><\/p>\t\t\t\t<\/div>\n\t\t\t\t<\/div>\n\t\t\t\t\t<\/div>\n\t\t<\/div>\n\t\t\t\t\t<\/div>\n\t\t<\/section>\n\t\t\t\t<section class=\"elementor-section elementor-top-section elementor-element elementor-element-0328fbd elementor-section-boxed elementor-section-height-default elementor-section-height-default\" data-id=\"0328fbd\" data-element_type=\"section\" data-e-type=\"section\">\n\t\t\t\t\t\t<div class=\"elementor-container elementor-column-gap-default\">\n\t\t\t\t\t<div class=\"elementor-column elementor-col-100 elementor-top-column elementor-element elementor-element-4ef04e3\" data-id=\"4ef04e3\" data-element_type=\"column\" data-e-type=\"column\">\n\t\t\t<div class=\"elementor-widget-wrap elementor-element-populated\">\n\t\t\t\t\t\t<div class=\"elementor-element elementor-element-8089715 elementor-widget elementor-widget-heading\" data-id=\"8089715\" data-element_type=\"widget\" data-e-type=\"widget\" data-widget_type=\"heading.default\">\n\t\t\t\t<div class=\"elementor-widget-container\">\n\t\t\t\t\t<h3 class=\"elementor-heading-title elementor-size-default\">Vad \u00e4r cookies?<\/h3>\t\t\t\t<\/div>\n\t\t\t\t<\/div>\n\t\t\t\t<div class=\"elementor-element elementor-element-010509e elementor-widget elementor-widget-text-editor\" data-id=\"010509e\" data-element_type=\"widget\" data-e-type=\"widget\" data-widget_type=\"text-editor.default\">\n\t\t\t\t<div class=\"elementor-widget-container\">\n\t\t\t\t\t\t\t\t\t<p>Cookies \u00e4r sm\u00e5 textfiler som lagras i din webbl\u00e4sare av sidor du bes\u00f6ker. De inneh\u00e5ller vanligtvis en hemsida och en identifierare. Cookies hj\u00e4lper till att f\u00f6rb\u00e4ttra din upplevelse medan du navigerar p\u00e5 hemsidan.<\/p>\t\t\t\t\t\t\t\t<\/div>\n\t\t\t\t<\/div>\n\t\t\t\t<div class=\"elementor-element elementor-element-27debfd elementor-widget elementor-widget-heading\" data-id=\"27debfd\" data-element_type=\"widget\" data-e-type=\"widget\" data-widget_type=\"heading.default\">\n\t\t\t\t<div class=\"elementor-widget-container\">\n\t\t\t\t\t<h3 class=\"elementor-heading-title elementor-size-default\">S\u00e5 anv\u00e4nder vi cookies<\/h3>\t\t\t\t<\/div>\n\t\t\t\t<\/div>\n\t\t\t\t<div class=\"elementor-element elementor-element-d8f0ce2 elementor-widget elementor-widget-text-editor\" data-id=\"d8f0ce2\" data-element_type=\"widget\" data-e-type=\"widget\" data-widget_type=\"text-editor.default\">\n\t\t\t\t<div class=\"elementor-widget-container\">\n\t\t\t\t\t\t\t\t\t<p>Vi anv\u00e4nder cookies f\u00f6r att f\u00f6rb\u00e4ttra din upplevelse, f\u00f6r att samla information f\u00f6r v\u00e5r marknadsf\u00f6ring och f\u00f6r att kunna utveckla webbplatsen.<\/p>\t\t\t\t\t\t\t\t<\/div>\n\t\t\t\t<\/div>\n\t\t\t\t<div class=\"elementor-element elementor-element-3855303 elementor-widget elementor-widget-heading\" data-id=\"3855303\" data-element_type=\"widget\" data-e-type=\"widget\" data-widget_type=\"heading.default\">\n\t\t\t\t<div class=\"elementor-widget-container\">\n\t\t\t\t\t<h3 class=\"elementor-heading-title elementor-size-default\">Insamling av personuppgifter<\/h3>\t\t\t\t<\/div>\n\t\t\t\t<\/div>\n\t\t\t\t<div class=\"elementor-element elementor-element-cc5116b elementor-widget elementor-widget-text-editor\" data-id=\"cc5116b\" data-element_type=\"widget\" data-e-type=\"widget\" data-widget_type=\"text-editor.default\">\n\t\t\t\t<div class=\"elementor-widget-container\">\n\t\t\t\t\t\t\t\t\t<div>F\u00f6ljande typer av personlig information kan samlas in, lagras och anv\u00e4ndas:<\/div>\n<ul>\n<li>information om din dator, inklusive IP-adress, geografisk plats, webbl\u00e4sartyp och -version samt operativsystem;<\/li>\n<li>information om dina bes\u00f6k p\u00e5 och din anv\u00e4ndning av denna hemsida, inklusive referensk\u00e4llan, bes\u00f6kets l\u00e4ngd, sidvisningar och hemsidans navigeringsv\u00e4gar;<\/li>\n<li>information som du anger n\u00e4r fyller i ett formul\u00e4r p\u00e5 v\u00e5r hemsida, till exempel din e-postadress;<\/li>\n<li>information som genereras n\u00e4r du anv\u00e4nder v\u00e5r hemsida, inklusive n\u00e4r, hur ofta och under vilka omst\u00e4ndigheter du anv\u00e4nder den;<\/li>\n<li>information i alla former av kommunikation som du skickar till oss via e-post eller v\u00e5r hemsida, inklusive dess inneh\u00e5ll och metadata;<\/li>\n<li>all annan personlig information som du skickar till oss.<\/li>\n<\/ul>\t\t\t\t\t\t\t\t<\/div>\n\t\t\t\t<\/div>\n\t\t\t\t<div class=\"elementor-element elementor-element-37da6d6 elementor-widget elementor-widget-heading\" data-id=\"37da6d6\" data-element_type=\"widget\" data-e-type=\"widget\" data-widget_type=\"heading.default\">\n\t\t\t\t<div class=\"elementor-widget-container\">\n\t\t\t\t\t<h3 class=\"elementor-heading-title elementor-size-default\">Anv\u00e4ndning av personuppgifter<\/h3>\t\t\t\t<\/div>\n\t\t\t\t<\/div>\n\t\t\t\t<div class=\"elementor-element elementor-element-3ae2d4f elementor-widget elementor-widget-text-editor\" data-id=\"3ae2d4f\" data-element_type=\"widget\" data-e-type=\"widget\" data-widget_type=\"text-editor.default\">\n\t\t\t\t<div class=\"elementor-widget-container\">\n\t\t\t\t\t\t\t\t\t<p>Personlig information som skickas till oss via v\u00e5r hemsida kommer att anv\u00e4ndas f\u00f6r de syften som anges i denna policy eller p\u00e5 de relevanta sidorna p\u00e5 hemsidan. Vi kan anv\u00e4nda din personliga information f\u00f6r f\u00f6ljande:<\/p>\n<ul>\n<li>att administrera v\u00e5r hemsida och verksamhet;<\/li>\n<li>att anpassa v\u00e5r hemsida \u00e5t dig;<\/li>\n<li>att g\u00f6ra det m\u00f6jligt f\u00f6r dig att anv\u00e4nda tj\u00e4nsterna som \u00e4r tillg\u00e4ngliga p\u00e5 v\u00e5r hemsida;<\/li>\n<li>att skicka e-postmeddelanden som du specifikt har beg\u00e4rt;<\/li>\n<li>att skicka marknadskommunikation till dig som r\u00f6r v\u00e5r verksamhet;<\/li>\n<li>att ge tredje parter statistisk information om v\u00e5ra anv\u00e4ndare (men dessa tredje parter kommer inte att kunna identifiera en enskild anv\u00e4ndare fr\u00e5n informationen);<\/li>\n<li>att hantera f\u00f6rfr\u00e5gningar och klagom\u00e5l fr\u00e5n dig ang\u00e5ende v\u00e5r hemsida.<\/li>\n<\/ul>\t\t\t\t\t\t\t\t<\/div>\n\t\t\t\t<\/div>\n\t\t\t\t\t<\/div>\n\t\t<\/div>\n\t\t\t\t\t<\/div>\n\t\t<\/section>\n\t\t\t\t<section class=\"elementor-section elementor-top-section elementor-element elementor-element-3d7c5dd elementor-section-boxed elementor-section-height-default elementor-section-height-default\" data-id=\"3d7c5dd\" data-element_type=\"section\" data-e-type=\"section\">\n\t\t\t\t\t\t<div class=\"elementor-container elementor-column-gap-default\">\n\t\t\t\t\t<div class=\"elementor-column elementor-col-100 elementor-top-column elementor-element elementor-element-42eeb2d\" data-id=\"42eeb2d\" data-element_type=\"column\" data-e-type=\"column\">\n\t\t\t<div class=\"elementor-widget-wrap elementor-element-populated\">\n\t\t\t\t\t\t<div class=\"elementor-element elementor-element-d691560 elementor-widget elementor-widget-button\" data-id=\"d691560\" data-element_type=\"widget\" data-e-type=\"widget\" data-widget_type=\"button.default\">\n\t\t\t\t<div class=\"elementor-widget-container\">\n\t\t\t\t\t\t\t\t\t<div class=\"elementor-button-wrapper\">\n\t\t\t\t\t<a class=\"elementor-button elementor-button-link elementor-size-sm elementor-animation-grow\" href=\"http:\/\/karlskogahotell.se\/en\/\">\n\t\t\t\t\t\t<span class=\"elementor-button-content-wrapper\">\n\t\t\t\t\t\t<span class=\"elementor-button-icon\">\n\t\t\t\t<i aria-hidden=\"true\" class=\"fas fa-arrow-left\"><\/i>\t\t\t<\/span>\n\t\t\t\t\t\t\t\t\t<span class=\"elementor-button-text\">Previous page<\/span>\n\t\t\t\t\t<\/span>\n\t\t\t\t\t<\/a>\n\t\t\t\t<\/div>\n\t\t\t\t\t\t\t\t<\/div>\n\t\t\t\t<\/div>\n\t\t\t\t\t<\/div>\n\t\t<\/div>\n\t\t\t\t\t<\/div>\n\t\t<\/section>\n\t\t\t\t<\/div>","protected":false},"excerpt":{"rendered":"<p>Integritetspolicy S\u00e5 hanterar vi cookies och personuppgifter. Vad \u00e4r cookies? Cookies \u00e4r sm\u00e5 textfiler som lagras i din webbl\u00e4sare av sidor du bes\u00f6ker. De inneh\u00e5ller vanligtvis en hemsida och en identifierare. Cookies hj\u00e4lper till att f\u00f6rb\u00e4ttra din upplevelse medan du navigerar p\u00e5 hemsidan. S\u00e5 anv\u00e4nder vi cookies Vi anv\u00e4nder cookies f\u00f6r att f\u00f6rb\u00e4ttra din upplevelse, [&hellip;]<\/p>\n","protected":false},"author":1,"featured_media":0,"parent":0,"menu_order":0,"comment_status":"closed","ping_status":"closed","template":"elementor_header_footer","meta":{"footnotes":""},"class_list":["post-3","page","type-page","status-publish","hentry"],"yoast_head":"<!-- This site is optimized with the Yoast SEO plugin v27.4 - https:\/\/yoast.com\/product\/yoast-seo-wordpress\/ -->\n<title>Cookies - Karlskoga hotell<\/title>\n<meta name=\"robots\" content=\"index, follow, max-snippet:-1, max-image-preview:large, max-video-preview:-1\" \/>\n<link rel=\"canonical\" href=\"https:\/\/karlskogahotell.se\/en\/cookies\/\" \/>\n<meta property=\"og:locale\" content=\"en_GB\" \/>\n<meta property=\"og:type\" content=\"article\" \/>\n<meta property=\"og:title\" content=\"Cookies - Karlskoga hotell\" \/>\n<meta property=\"og:description\" content=\"Integritetspolicy S\u00e5 hanterar vi cookies och personuppgifter. Vad \u00e4r cookies? Cookies \u00e4r sm\u00e5 textfiler som lagras i din webbl\u00e4sare av sidor du bes\u00f6ker. De inneh\u00e5ller vanligtvis en hemsida och en identifierare. Cookies hj\u00e4lper till att f\u00f6rb\u00e4ttra din upplevelse medan du navigerar p\u00e5 hemsidan. S\u00e5 anv\u00e4nder vi cookies Vi anv\u00e4nder cookies f\u00f6r att f\u00f6rb\u00e4ttra din upplevelse, [&hellip;]\" \/>\n<meta property=\"og:url\" content=\"https:\/\/karlskogahotell.se\/en\/cookies\/\" \/>\n<meta property=\"og:site_name\" content=\"Karlskoga hotell\" \/>\n<meta property=\"article:modified_time\" content=\"2021-07-07T08:15:25+00:00\" \/>\n<meta name=\"twitter:card\" content=\"summary_large_image\" \/>\n<meta name=\"twitter:label1\" content=\"Estimated reading time\" \/>\n\t<meta name=\"twitter:data1\" content=\"2 minutes\" \/>\n<script type=\"application\/ld+json\" class=\"yoast-schema-graph\">{\"@context\":\"https:\\\/\\\/schema.org\",\"@graph\":[{\"@type\":\"WebPage\",\"@id\":\"https:\\\/\\\/karlskogahotell.se\\\/cookies\\\/\",\"url\":\"https:\\\/\\\/karlskogahotell.se\\\/cookies\\\/\",\"name\":\"Cookies - Karlskoga hotell\",\"isPartOf\":{\"@id\":\"https:\\\/\\\/karlskogahotell.se\\\/#website\"},\"datePublished\":\"2021-02-25T23:13:55+00:00\",\"dateModified\":\"2021-07-07T08:15:25+00:00\",\"breadcrumb\":{\"@id\":\"https:\\\/\\\/karlskogahotell.se\\\/cookies\\\/#breadcrumb\"},\"inLanguage\":\"en-GB\",\"potentialAction\":[{\"@type\":\"ReadAction\",\"target\":[\"https:\\\/\\\/karlskogahotell.se\\\/cookies\\\/\"]}]},{\"@type\":\"BreadcrumbList\",\"@id\":\"https:\\\/\\\/karlskogahotell.se\\\/cookies\\\/#breadcrumb\",\"itemListElement\":[{\"@type\":\"ListItem\",\"position\":1,\"name\":\"Hem\",\"item\":\"https:\\\/\\\/karlskogahotell.se\\\/\"},{\"@type\":\"ListItem\",\"position\":2,\"name\":\"Cookies\"}]},{\"@type\":\"WebSite\",\"@id\":\"https:\\\/\\\/karlskogahotell.se\\\/#website\",\"url\":\"https:\\\/\\\/karlskogahotell.se\\\/\",\"name\":\"Karlskoga hotell\",\"description\":\"Ett n\u00e4ra hotell i Karlskoga\",\"publisher\":{\"@id\":\"https:\\\/\\\/karlskogahotell.se\\\/#organization\"},\"potentialAction\":[{\"@type\":\"SearchAction\",\"target\":{\"@type\":\"EntryPoint\",\"urlTemplate\":\"https:\\\/\\\/karlskogahotell.se\\\/?s={search_term_string}\"},\"query-input\":{\"@type\":\"PropertyValueSpecification\",\"valueRequired\":true,\"valueName\":\"search_term_string\"}}],\"inLanguage\":\"en-GB\"},{\"@type\":\"Organization\",\"@id\":\"https:\\\/\\\/karlskogahotell.se\\\/#organization\",\"name\":\"Karlskoga hotell\",\"url\":\"https:\\\/\\\/karlskogahotell.se\\\/\",\"logo\":{\"@type\":\"ImageObject\",\"inLanguage\":\"en-GB\",\"@id\":\"https:\\\/\\\/karlskogahotell.se\\\/#\\\/schema\\\/logo\\\/image\\\/\",\"url\":\"https:\\\/\\\/media.karlskogahotell.se\\\/2021\\\/03\\\/KarlskogaHotell_logotype_COLOR.png\",\"contentUrl\":\"https:\\\/\\\/media.karlskogahotell.se\\\/2021\\\/03\\\/KarlskogaHotell_logotype_COLOR.png\",\"width\":4522,\"height\":1170,\"caption\":\"Karlskoga hotell\"},\"image\":{\"@id\":\"https:\\\/\\\/karlskogahotell.se\\\/#\\\/schema\\\/logo\\\/image\\\/\"}}]}<\/script>\n<!-- \/ Yoast SEO plugin. -->","yoast_head_json":{"title":"Cookies - Karlskoga hotell","robots":{"index":"index","follow":"follow","max-snippet":"max-snippet:-1","max-image-preview":"max-image-preview:large","max-video-preview":"max-video-preview:-1"},"canonical":"https:\/\/karlskogahotell.se\/en\/cookies\/","og_locale":"en_GB","og_type":"article","og_title":"Cookies - Karlskoga hotell","og_description":"Integritetspolicy S\u00e5 hanterar vi cookies och personuppgifter. Vad \u00e4r cookies? Cookies \u00e4r sm\u00e5 textfiler som lagras i din webbl\u00e4sare av sidor du bes\u00f6ker. De inneh\u00e5ller vanligtvis en hemsida och en identifierare. Cookies hj\u00e4lper till att f\u00f6rb\u00e4ttra din upplevelse medan du navigerar p\u00e5 hemsidan. S\u00e5 anv\u00e4nder vi cookies Vi anv\u00e4nder cookies f\u00f6r att f\u00f6rb\u00e4ttra din upplevelse, [&hellip;]","og_url":"https:\/\/karlskogahotell.se\/en\/cookies\/","og_site_name":"Karlskoga hotell","article_modified_time":"2021-07-07T08:15:25+00:00","twitter_card":"summary_large_image","twitter_misc":{"Estimated reading time":"2 minutes"},"schema":{"@context":"https:\/\/schema.org","@graph":[{"@type":"WebPage","@id":"https:\/\/karlskogahotell.se\/cookies\/","url":"https:\/\/karlskogahotell.se\/cookies\/","name":"Cookies - Karlskoga hotell","isPartOf":{"@id":"https:\/\/karlskogahotell.se\/#website"},"datePublished":"2021-02-25T23:13:55+00:00","dateModified":"2021-07-07T08:15:25+00:00","breadcrumb":{"@id":"https:\/\/karlskogahotell.se\/cookies\/#breadcrumb"},"inLanguage":"en-GB","potentialAction":[{"@type":"ReadAction","target":["https:\/\/karlskogahotell.se\/cookies\/"]}]},{"@type":"BreadcrumbList","@id":"https:\/\/karlskogahotell.se\/cookies\/#breadcrumb","itemListElement":[{"@type":"ListItem","position":1,"name":"Hem","item":"https:\/\/karlskogahotell.se\/"},{"@type":"ListItem","position":2,"name":"Cookies"}]},{"@type":"WebSite","@id":"https:\/\/karlskogahotell.se\/#website","url":"https:\/\/karlskogahotell.se\/","name":"Karlskoga Hotel","description":"A local hotel in Karlskoga","publisher":{"@id":"https:\/\/karlskogahotell.se\/#organization"},"potentialAction":[{"@type":"SearchAction","target":{"@type":"EntryPoint","urlTemplate":"https:\/\/karlskogahotell.se\/?s={search_term_string}"},"query-input":{"@type":"PropertyValueSpecification","valueRequired":true,"valueName":"search_term_string"}}],"inLanguage":"en-GB"},{"@type":"Organization","@id":"https:\/\/karlskogahotell.se\/#organization","name":"Karlskoga Hotel","url":"https:\/\/karlskogahotell.se\/","logo":{"@type":"ImageObject","inLanguage":"en-GB","@id":"https:\/\/karlskogahotell.se\/#\/schema\/logo\/image\/","url":"https:\/\/media.karlskogahotell.se\/2021\/03\/KarlskogaHotell_logotype_COLOR.png","contentUrl":"https:\/\/media.karlskogahotell.se\/2021\/03\/KarlskogaHotell_logotype_COLOR.png","width":4522,"height":1170,"caption":"Karlskoga hotell"},"image":{"@id":"https:\/\/karlskogahotell.se\/#\/schema\/logo\/image\/"}}]}},"_links":{"self":[{"href":"https:\/\/karlskogahotell.se\/en\/wp-json\/wp\/v2\/pages\/3","targetHints":{"allow":["GET"]}}],"collection":[{"href":"https:\/\/karlskogahotell.se\/en\/wp-json\/wp\/v2\/pages"}],"about":[{"href":"https:\/\/karlskogahotell.se\/en\/wp-json\/wp\/v2\/types\/page"}],"author":[{"embeddable":true,"href":"https:\/\/karlskogahotell.se\/en\/wp-json\/wp\/v2\/users\/1"}],"replies":[{"embeddable":true,"href":"https:\/\/karlskogahotell.se\/en\/wp-json\/wp\/v2\/comments?post=3"}],"version-history":[{"count":5,"href":"https:\/\/karlskogahotell.se\/en\/wp-json\/wp\/v2\/pages\/3\/revisions"}],"predecessor-version":[{"id":2845,"href":"https:\/\/karlskogahotell.se\/en\/wp-json\/wp\/v2\/pages\/3\/revisions\/2845"}],"wp:attachment":[{"href":"https:\/\/karlskogahotell.se\/en\/wp-json\/wp\/v2\/media?parent=3"}],"curies":[{"name":"wp","href":"https:\/\/api.w.org\/{rel}","templated":true}]}}