{"id":556,"date":"2021-03-18T14:26:43","date_gmt":"2021-03-18T14:26:43","guid":{"rendered":"https:\/\/karlskogahotell.se\/?page_id=556"},"modified":"2024-10-22T08:50:06","modified_gmt":"2024-10-22T08:50:06","slug":"bekvamligheter","status":"publish","type":"page","link":"https:\/\/karlskogahotell.se\/en\/bekvamligheter\/","title":{"rendered":"Amenities"},"content":{"rendered":"<div data-elementor-type=\"wp-page\" data-elementor-id=\"556\" class=\"elementor elementor-556\" data-elementor-post-type=\"page\">\n\t\t\t\t\t\t<section class=\"elementor-section elementor-top-section elementor-element elementor-element-36c770a elementor-section-height-min-height elementor-section-boxed elementor-section-height-default elementor-section-items-middle\" data-id=\"36c770a\" data-element_type=\"section\" data-e-type=\"section\" data-settings=\"{&quot;background_background&quot;:&quot;classic&quot;}\">\n\t\t\t\t\t\t\t<div class=\"elementor-background-overlay\"><\/div>\n\t\t\t\t\t\t\t<div class=\"elementor-container elementor-column-gap-default\">\n\t\t\t\t\t<div class=\"elementor-column elementor-col-100 elementor-top-column elementor-element elementor-element-856e860\" data-id=\"856e860\" data-element_type=\"column\" data-e-type=\"column\">\n\t\t\t<div class=\"elementor-widget-wrap elementor-element-populated\">\n\t\t\t\t\t\t<div class=\"elementor-element elementor-element-0392165 elementor-widget elementor-widget-heading\" data-id=\"0392165\" data-element_type=\"widget\" data-e-type=\"widget\" data-widget_type=\"heading.default\">\n\t\t\t\t<div class=\"elementor-widget-container\">\n\t\t\t\t\t<h1 class=\"elementor-heading-title elementor-size-default\">An active stay<\/h1>\t\t\t\t<\/div>\n\t\t\t\t<\/div>\n\t\t\t\t<div class=\"elementor-element elementor-element-756876b elementor-widget elementor-widget-text-editor\" data-id=\"756876b\" data-element_type=\"widget\" data-e-type=\"widget\" data-widget_type=\"text-editor.default\">\n\t\t\t\t<div class=\"elementor-widget-container\">\n\t\t\t\t\t\t\t\t\t<p>We have all the requirements for memorable experiences.<\/p>\t\t\t\t\t\t\t\t<\/div>\n\t\t\t\t<\/div>\n\t\t\t\t\t<\/div>\n\t\t<\/div>\n\t\t\t\t\t<\/div>\n\t\t<\/section>\n\t\t\t\t<section class=\"elementor-section elementor-top-section elementor-element elementor-element-b8a0393 elementor-section-boxed elementor-section-height-default elementor-section-height-default\" data-id=\"b8a0393\" data-element_type=\"section\" data-e-type=\"section\">\n\t\t\t\t\t\t<div class=\"elementor-container elementor-column-gap-default\">\n\t\t\t\t\t<div class=\"elementor-column elementor-col-50 elementor-top-column elementor-element elementor-element-9acde1b\" data-id=\"9acde1b\" data-element_type=\"column\" data-e-type=\"column\">\n\t\t\t<div class=\"elementor-widget-wrap elementor-element-populated\">\n\t\t\t\t\t\t<div class=\"elementor-element elementor-element-227d9e8 elementor-widget elementor-widget-image\" data-id=\"227d9e8\" data-element_type=\"widget\" data-e-type=\"widget\" data-widget_type=\"image.default\">\n\t\t\t\t<div class=\"elementor-widget-container\">\n\t\t\t\t\t\t\t\t\t\t\t\t\t\t\t<img fetchpriority=\"high\" decoding=\"async\" width=\"800\" height=\"534\" src=\"https:\/\/media.karlskogahotell.se\/2021\/03\/KH417-1024x683.jpg\" class=\"attachment-large size-large wp-image-607\" alt=\"\" srcset=\"http:\/\/media.karlskogahotell.se\/2021\/03\/KH417-1024x683.jpg 1024w, http:\/\/media.karlskogahotell.se\/2021\/03\/KH417-300x200.jpg 300w, http:\/\/media.karlskogahotell.se\/2021\/03\/KH417-768x512.jpg 768w, http:\/\/media.karlskogahotell.se\/2021\/03\/KH417.jpg 1200w\" sizes=\"(max-width: 800px) 100vw, 800px\" \/>\t\t\t\t\t\t\t\t\t\t\t\t\t\t\t<\/div>\n\t\t\t\t<\/div>\n\t\t\t\t\t<\/div>\n\t\t<\/div>\n\t\t\t\t<div class=\"elementor-column elementor-col-50 elementor-top-column elementor-element elementor-element-f48bb33\" data-id=\"f48bb33\" data-element_type=\"column\" data-e-type=\"column\">\n\t\t\t<div class=\"elementor-widget-wrap elementor-element-populated\">\n\t\t\t\t\t\t<div class=\"elementor-element elementor-element-f1ce2f5 elementor-widget elementor-widget-heading\" data-id=\"f1ce2f5\" data-element_type=\"widget\" data-e-type=\"widget\" data-widget_type=\"heading.default\">\n\t\t\t\t<div class=\"elementor-widget-container\">\n\t\t\t\t\t<h3 class=\"elementor-heading-title elementor-size-default\">Everything within reach<\/h3>\t\t\t\t<\/div>\n\t\t\t\t<\/div>\n\t\t\t\t<div class=\"elementor-element elementor-element-d168a12 elementor-widget elementor-widget-text-editor\" data-id=\"d168a12\" data-element_type=\"widget\" data-e-type=\"widget\" data-widget_type=\"text-editor.default\">\n\t\t\t\t<div class=\"elementor-widget-container\">\n\t\t\t\t\t\t\t\t\t<p>We want you to enjoy and be comfortable with us. In addition to relaxing in your hotel room, you can work-out in our gym, unwind in our leisure complex or enjoy great food in our restaurant.<\/p>\t\t\t\t\t\t\t\t<\/div>\n\t\t\t\t<\/div>\n\t\t\t\t<div class=\"elementor-element elementor-element-760b446 elementor-widget elementor-widget-heading\" data-id=\"760b446\" data-element_type=\"widget\" data-e-type=\"widget\" data-widget_type=\"heading.default\">\n\t\t\t\t<div class=\"elementor-widget-container\">\n\t\t\t\t\t<h3 class=\"elementor-heading-title elementor-size-default\">Experiences just around the corner<\/h3>\t\t\t\t<\/div>\n\t\t\t\t<\/div>\n\t\t\t\t<div class=\"elementor-element elementor-element-aa4d710 elementor-widget elementor-widget-text-editor\" data-id=\"aa4d710\" data-element_type=\"widget\" data-e-type=\"widget\" data-widget_type=\"text-editor.default\">\n\t\t\t\t<div class=\"elementor-widget-container\">\n\t\t\t\t\t\t\t\t\t<p>Karlskoga is rich in culture, adventure and activities. We have experiences for all tastes. Fishing in Lake M\u00f6ckeln, hiking on Lunedet peninsula, motorsports at Geller\u00e5sen or history at Alfred Nobel\u2019s Bj\u00f6rkborn Museum.<\/p>\t\t\t\t\t\t\t\t<\/div>\n\t\t\t\t<\/div>\n\t\t\t\t\t<\/div>\n\t\t<\/div>\n\t\t\t\t\t<\/div>\n\t\t<\/section>\n\t\t\t\t<section class=\"elementor-section elementor-top-section elementor-element elementor-element-421b3e2 elementor-section-boxed elementor-section-height-default elementor-section-height-default\" data-id=\"421b3e2\" data-element_type=\"section\" data-e-type=\"section\" data-settings=\"{&quot;background_background&quot;:&quot;classic&quot;}\">\n\t\t\t\t\t\t<div class=\"elementor-container elementor-column-gap-default\">\n\t\t\t\t\t<div class=\"elementor-column elementor-col-33 elementor-top-column elementor-element elementor-element-4bd3134\" data-id=\"4bd3134\" data-element_type=\"column\" data-e-type=\"column\" data-settings=\"{&quot;background_background&quot;:&quot;classic&quot;}\">\n\t\t\t<div class=\"elementor-widget-wrap elementor-element-populated\">\n\t\t\t\t\t\t<div class=\"elementor-element elementor-element-ff36ddf elementor-widget elementor-widget-image\" data-id=\"ff36ddf\" data-element_type=\"widget\" data-e-type=\"widget\" data-widget_type=\"image.default\">\n\t\t\t\t<div class=\"elementor-widget-container\">\n\t\t\t\t\t\t\t\t\t\t\t\t\t\t\t\t<a href=\"https:\/\/karlskogahotell.se\/en\/aktiviteter\/gym\/\">\n\t\t\t\t\t\t\t<img decoding=\"async\" width=\"800\" height=\"534\" src=\"https:\/\/media.karlskogahotell.se\/2021\/03\/KH220-1-1024x683.jpg\" class=\"attachment-large size-large wp-image-678\" alt=\"\" srcset=\"http:\/\/media.karlskogahotell.se\/2021\/03\/KH220-1-1024x683.jpg 1024w, http:\/\/media.karlskogahotell.se\/2021\/03\/KH220-1-300x200.jpg 300w, http:\/\/media.karlskogahotell.se\/2021\/03\/KH220-1-768x512.jpg 768w, http:\/\/media.karlskogahotell.se\/2021\/03\/KH220-1.jpg 1200w\" sizes=\"(max-width: 800px) 100vw, 800px\" \/>\t\t\t\t\t\t\t\t<\/a>\n\t\t\t\t\t\t\t\t\t\t\t\t\t\t\t<\/div>\n\t\t\t\t<\/div>\n\t\t\t\t<section class=\"elementor-section elementor-inner-section elementor-element elementor-element-aa51f0d elementor-section-boxed elementor-section-height-default elementor-section-height-default\" data-id=\"aa51f0d\" data-element_type=\"section\" data-e-type=\"section\" data-settings=\"{&quot;background_background&quot;:&quot;classic&quot;}\">\n\t\t\t\t\t\t<div class=\"elementor-container elementor-column-gap-default\">\n\t\t\t\t\t<div class=\"elementor-column elementor-col-100 elementor-inner-column elementor-element elementor-element-cade1e6\" data-id=\"cade1e6\" data-element_type=\"column\" data-e-type=\"column\">\n\t\t\t<div class=\"elementor-widget-wrap elementor-element-populated\">\n\t\t\t\t\t\t<div class=\"elementor-element elementor-element-aa8e73e elementor-widget elementor-widget-heading\" data-id=\"aa8e73e\" data-element_type=\"widget\" data-e-type=\"widget\" data-widget_type=\"heading.default\">\n\t\t\t\t<div class=\"elementor-widget-container\">\n\t\t\t\t\t<h3 class=\"elementor-heading-title elementor-size-default\">Gym<\/h3>\t\t\t\t<\/div>\n\t\t\t\t<\/div>\n\t\t\t\t<div class=\"elementor-element elementor-element-8ff9c3c elementor-widget elementor-widget-text-editor\" data-id=\"8ff9c3c\" data-element_type=\"widget\" data-e-type=\"widget\" data-widget_type=\"text-editor.default\">\n\t\t\t\t<div class=\"elementor-widget-container\">\n\t\t\t\t\t\t\t\t\t<p>Give your body a great workout! As a hotel guest you have free access to our newly renovated gym.<\/p>\t\t\t\t\t\t\t\t<\/div>\n\t\t\t\t<\/div>\n\t\t\t\t<div class=\"elementor-element elementor-element-bc2ccce elementor-align-center elementor-widget elementor-widget-button\" data-id=\"bc2ccce\" data-element_type=\"widget\" data-e-type=\"widget\" data-widget_type=\"button.default\">\n\t\t\t\t<div class=\"elementor-widget-container\">\n\t\t\t\t\t\t\t\t\t<div class=\"elementor-button-wrapper\">\n\t\t\t\t\t<a class=\"elementor-button elementor-button-link elementor-size-sm elementor-animation-grow\" href=\"https:\/\/karlskogahotell.se\/en\/aktiviteter\/gym\/\">\n\t\t\t\t\t\t<span class=\"elementor-button-content-wrapper\">\n\t\t\t\t\t\t\t\t\t<span class=\"elementor-button-text\">Read more<\/span>\n\t\t\t\t\t<\/span>\n\t\t\t\t\t<\/a>\n\t\t\t\t<\/div>\n\t\t\t\t\t\t\t\t<\/div>\n\t\t\t\t<\/div>\n\t\t\t\t\t<\/div>\n\t\t<\/div>\n\t\t\t\t\t<\/div>\n\t\t<\/section>\n\t\t\t\t\t<\/div>\n\t\t<\/div>\n\t\t\t\t<div class=\"elementor-column elementor-col-33 elementor-top-column elementor-element elementor-element-2067f02\" data-id=\"2067f02\" data-element_type=\"column\" data-e-type=\"column\" data-settings=\"{&quot;background_background&quot;:&quot;classic&quot;}\">\n\t\t\t<div class=\"elementor-widget-wrap elementor-element-populated\">\n\t\t\t\t\t\t<div class=\"elementor-element elementor-element-80b5233 elementor-widget elementor-widget-image\" data-id=\"80b5233\" data-element_type=\"widget\" data-e-type=\"widget\" data-widget_type=\"image.default\">\n\t\t\t\t<div class=\"elementor-widget-container\">\n\t\t\t\t\t\t\t\t\t\t\t\t\t\t\t\t<a href=\"https:\/\/karlskogahotell.se\/en\/aktiviteter\/relax\/\">\n\t\t\t\t\t\t\t<img decoding=\"async\" width=\"800\" height=\"534\" src=\"https:\/\/media.karlskogahotell.se\/2021\/05\/relax-1-1024x683.jpg\" class=\"attachment-large size-large wp-image-1171\" alt=\"\" srcset=\"http:\/\/media.karlskogahotell.se\/2021\/05\/relax-1-1024x683.jpg 1024w, http:\/\/media.karlskogahotell.se\/2021\/05\/relax-1-300x200.jpg 300w, http:\/\/media.karlskogahotell.se\/2021\/05\/relax-1-768x512.jpg 768w, http:\/\/media.karlskogahotell.se\/2021\/05\/relax-1.jpg 1200w\" sizes=\"(max-width: 800px) 100vw, 800px\" \/>\t\t\t\t\t\t\t\t<\/a>\n\t\t\t\t\t\t\t\t\t\t\t\t\t\t\t<\/div>\n\t\t\t\t<\/div>\n\t\t\t\t<section class=\"elementor-section elementor-inner-section elementor-element elementor-element-b73ba79 elementor-section-boxed elementor-section-height-default elementor-section-height-default\" data-id=\"b73ba79\" data-element_type=\"section\" data-e-type=\"section\" data-settings=\"{&quot;background_background&quot;:&quot;classic&quot;}\">\n\t\t\t\t\t\t<div class=\"elementor-container elementor-column-gap-default\">\n\t\t\t\t\t<div class=\"elementor-column elementor-col-100 elementor-inner-column elementor-element elementor-element-e046573\" data-id=\"e046573\" data-element_type=\"column\" data-e-type=\"column\">\n\t\t\t<div class=\"elementor-widget-wrap elementor-element-populated\">\n\t\t\t\t\t\t<div class=\"elementor-element elementor-element-d1caaaf elementor-widget elementor-widget-heading\" data-id=\"d1caaaf\" data-element_type=\"widget\" data-e-type=\"widget\" data-widget_type=\"heading.default\">\n\t\t\t\t<div class=\"elementor-widget-container\">\n\t\t\t\t\t<h3 class=\"elementor-heading-title elementor-size-default\">Relax<\/h3>\t\t\t\t<\/div>\n\t\t\t\t<\/div>\n\t\t\t\t<div class=\"elementor-element elementor-element-9b0c0ae elementor-widget elementor-widget-text-editor\" data-id=\"9b0c0ae\" data-element_type=\"widget\" data-e-type=\"widget\" data-widget_type=\"text-editor.default\">\n\t\t\t\t<div class=\"elementor-widget-container\">\n\t\t\t\t\t\t\t\t\t<p>Let your body and mind relax for a while in our relaxation area.<\/p>\t\t\t\t\t\t\t\t<\/div>\n\t\t\t\t<\/div>\n\t\t\t\t<div class=\"elementor-element elementor-element-44dfae8 elementor-align-center elementor-widget elementor-widget-button\" data-id=\"44dfae8\" data-element_type=\"widget\" data-e-type=\"widget\" data-widget_type=\"button.default\">\n\t\t\t\t<div class=\"elementor-widget-container\">\n\t\t\t\t\t\t\t\t\t<div class=\"elementor-button-wrapper\">\n\t\t\t\t\t<a class=\"elementor-button elementor-button-link elementor-size-sm elementor-animation-grow\" href=\"https:\/\/karlskogahotell.se\/en\/aktiviteter\/relax\/\">\n\t\t\t\t\t\t<span class=\"elementor-button-content-wrapper\">\n\t\t\t\t\t\t\t\t\t<span class=\"elementor-button-text\">Read more<\/span>\n\t\t\t\t\t<\/span>\n\t\t\t\t\t<\/a>\n\t\t\t\t<\/div>\n\t\t\t\t\t\t\t\t<\/div>\n\t\t\t\t<\/div>\n\t\t\t\t\t<\/div>\n\t\t<\/div>\n\t\t\t\t\t<\/div>\n\t\t<\/section>\n\t\t\t\t\t<\/div>\n\t\t<\/div>\n\t\t\t\t<div class=\"elementor-column elementor-col-33 elementor-top-column elementor-element elementor-element-313406d\" data-id=\"313406d\" data-element_type=\"column\" data-e-type=\"column\" data-settings=\"{&quot;background_background&quot;:&quot;classic&quot;}\">\n\t\t\t<div class=\"elementor-widget-wrap elementor-element-populated\">\n\t\t\t\t\t\t<div class=\"elementor-element elementor-element-82d9f62 elementor-widget elementor-widget-image\" data-id=\"82d9f62\" data-element_type=\"widget\" data-e-type=\"widget\" data-widget_type=\"image.default\">\n\t\t\t\t<div class=\"elementor-widget-container\">\n\t\t\t\t\t\t\t\t\t\t\t\t\t\t\t<img loading=\"lazy\" decoding=\"async\" width=\"800\" height=\"533\" src=\"https:\/\/media.karlskogahotell.se\/2024\/05\/BIljardbord-1024x682.jpg\" class=\"attachment-large size-large wp-image-4710\" alt=\"\" srcset=\"http:\/\/media.karlskogahotell.se\/2024\/05\/BIljardbord-1024x682.jpg 1024w, http:\/\/media.karlskogahotell.se\/2024\/05\/BIljardbord-300x200.jpg 300w, http:\/\/media.karlskogahotell.se\/2024\/05\/BIljardbord-768x512.jpg 768w, http:\/\/media.karlskogahotell.se\/2024\/05\/BIljardbord-18x12.jpg 18w, http:\/\/media.karlskogahotell.se\/2024\/05\/BIljardbord.jpg 1280w\" sizes=\"(max-width: 800px) 100vw, 800px\" \/>\t\t\t\t\t\t\t\t\t\t\t\t\t\t\t<\/div>\n\t\t\t\t<\/div>\n\t\t\t\t<section class=\"elementor-section elementor-inner-section elementor-element elementor-element-ca284ca elementor-section-boxed elementor-section-height-default elementor-section-height-default\" data-id=\"ca284ca\" data-element_type=\"section\" data-e-type=\"section\" data-settings=\"{&quot;background_background&quot;:&quot;classic&quot;}\">\n\t\t\t\t\t\t<div class=\"elementor-container elementor-column-gap-default\">\n\t\t\t\t\t<div class=\"elementor-column elementor-col-100 elementor-inner-column elementor-element elementor-element-5eb79c0\" data-id=\"5eb79c0\" data-element_type=\"column\" data-e-type=\"column\">\n\t\t\t<div class=\"elementor-widget-wrap elementor-element-populated\">\n\t\t\t\t\t\t<div class=\"elementor-element elementor-element-01e01cc elementor-widget elementor-widget-heading\" data-id=\"01e01cc\" data-element_type=\"widget\" data-e-type=\"widget\" data-widget_type=\"heading.default\">\n\t\t\t\t<div class=\"elementor-widget-container\">\n\t\t\t\t\t<h3 class=\"elementor-heading-title elementor-size-default\">Billiard room<\/h3>\t\t\t\t<\/div>\n\t\t\t\t<\/div>\n\t\t\t\t<div class=\"elementor-element elementor-element-9997d75 elementor-widget elementor-widget-text-editor\" data-id=\"9997d75\" data-element_type=\"widget\" data-e-type=\"widget\" data-widget_type=\"text-editor.default\">\n\t\t\t\t<div class=\"elementor-widget-container\">\n\t\t\t\t\t\t\t\t\t<p>As a guest here at Karlskoga Hotell, you have free access to our newly renovated billiards room with a pool table and dart board.\u00a0<\/p>\t\t\t\t\t\t\t\t<\/div>\n\t\t\t\t<\/div>\n\t\t\t\t\t<\/div>\n\t\t<\/div>\n\t\t\t\t\t<\/div>\n\t\t<\/section>\n\t\t\t\t\t<\/div>\n\t\t<\/div>\n\t\t\t\t\t<\/div>\n\t\t<\/section>\n\t\t\t\t<\/div>","protected":false},"excerpt":{"rendered":"<p>En aktiv vistelse H\u00e4r finns alla f\u00f6ruts\u00e4ttningar f\u00f6r minnesv\u00e4rda upplevelser. Allt inom r\u00e4ckh\u00e5ll Vi vill att du ska trivas och ha det bekv\u00e4mt hos oss. F\u00f6rutom att koppla av p\u00e5 ditt hotellrum kan du tr\u00e4na p\u00e5 v\u00e5rt gym, koppla av i relaxen eller avnjuta en god m\u00e5ltid i v\u00e5r restaurang. Upplevelser runt h\u00f6rnet Karlskoga \u00e4r [&hellip;]<\/p>\n","protected":false},"author":1,"featured_media":935,"parent":0,"menu_order":0,"comment_status":"closed","ping_status":"closed","template":"elementor_header_footer","meta":{"footnotes":""},"class_list":["post-556","page","type-page","status-publish","has-post-thumbnail","hentry"],"yoast_head":"<!-- This site is optimized with the Yoast SEO plugin v27.4 - https:\/\/yoast.com\/product\/yoast-seo-wordpress\/ -->\n<title>Allt inom r\u00e4ckh\u00e5ll - Gym, relax, lekpark - Karlskoga hotell<\/title>\n<meta name=\"description\" content=\"F\u00f6rutom att koppla av p\u00e5 ditt hotellrum kan du tr\u00e4na p\u00e5 v\u00e5rt gym, koppla av i relaxen eller avnjuta en god m\u00e5ltid.\" \/>\n<meta name=\"robots\" content=\"index, follow, max-snippet:-1, max-image-preview:large, max-video-preview:-1\" \/>\n<link rel=\"canonical\" href=\"https:\/\/karlskogahotell.se\/en\/bekvamligheter\/\" \/>\n<meta property=\"og:locale\" content=\"en_GB\" \/>\n<meta property=\"og:type\" content=\"article\" \/>\n<meta property=\"og:title\" content=\"Allt inom r\u00e4ckh\u00e5ll - Gym, relax, lekpark - Karlskoga hotell\" \/>\n<meta property=\"og:description\" content=\"F\u00f6rutom att koppla av p\u00e5 ditt hotellrum kan du tr\u00e4na p\u00e5 v\u00e5rt gym, koppla av i relaxen eller avnjuta en god m\u00e5ltid.\" \/>\n<meta property=\"og:url\" content=\"https:\/\/karlskogahotell.se\/en\/bekvamligheter\/\" \/>\n<meta property=\"og:site_name\" content=\"Karlskoga hotell\" \/>\n<meta property=\"article:modified_time\" content=\"2024-10-22T08:50:06+00:00\" \/>\n<meta property=\"og:image\" content=\"http:\/\/media.karlskogahotell.se\/2021\/03\/KH193.jpg\" \/>\n\t<meta property=\"og:image:width\" content=\"1200\" \/>\n\t<meta property=\"og:image:height\" content=\"800\" \/>\n\t<meta property=\"og:image:type\" content=\"image\/jpeg\" \/>\n<meta name=\"twitter:card\" content=\"summary_large_image\" \/>\n<meta name=\"twitter:label1\" content=\"Estimated reading time\" \/>\n\t<meta name=\"twitter:data1\" content=\"2 minutes\" \/>\n<script type=\"application\/ld+json\" class=\"yoast-schema-graph\">{\"@context\":\"https:\\\/\\\/schema.org\",\"@graph\":[{\"@type\":\"WebPage\",\"@id\":\"https:\\\/\\\/karlskogahotell.se\\\/bekvamligheter\\\/\",\"url\":\"https:\\\/\\\/karlskogahotell.se\\\/bekvamligheter\\\/\",\"name\":\"Allt inom r\u00e4ckh\u00e5ll - Gym, relax, lekpark - Karlskoga hotell\",\"isPartOf\":{\"@id\":\"https:\\\/\\\/karlskogahotell.se\\\/#website\"},\"primaryImageOfPage\":{\"@id\":\"https:\\\/\\\/karlskogahotell.se\\\/bekvamligheter\\\/#primaryimage\"},\"image\":{\"@id\":\"https:\\\/\\\/karlskogahotell.se\\\/bekvamligheter\\\/#primaryimage\"},\"thumbnailUrl\":\"https:\\\/\\\/media.karlskogahotell.se\\\/2021\\\/03\\\/KH193.jpg\",\"datePublished\":\"2021-03-18T14:26:43+00:00\",\"dateModified\":\"2024-10-22T08:50:06+00:00\",\"description\":\"F\u00f6rutom att koppla av p\u00e5 ditt hotellrum kan du tr\u00e4na p\u00e5 v\u00e5rt gym, koppla av i relaxen eller avnjuta en god m\u00e5ltid.\",\"breadcrumb\":{\"@id\":\"https:\\\/\\\/karlskogahotell.se\\\/bekvamligheter\\\/#breadcrumb\"},\"inLanguage\":\"en-GB\",\"potentialAction\":[{\"@type\":\"ReadAction\",\"target\":[\"https:\\\/\\\/karlskogahotell.se\\\/bekvamligheter\\\/\"]}]},{\"@type\":\"ImageObject\",\"inLanguage\":\"en-GB\",\"@id\":\"https:\\\/\\\/karlskogahotell.se\\\/bekvamligheter\\\/#primaryimage\",\"url\":\"https:\\\/\\\/media.karlskogahotell.se\\\/2021\\\/03\\\/KH193.jpg\",\"contentUrl\":\"https:\\\/\\\/media.karlskogahotell.se\\\/2021\\\/03\\\/KH193.jpg\",\"width\":1200,\"height\":800,\"caption\":\"saxin\"},{\"@type\":\"BreadcrumbList\",\"@id\":\"https:\\\/\\\/karlskogahotell.se\\\/bekvamligheter\\\/#breadcrumb\",\"itemListElement\":[{\"@type\":\"ListItem\",\"position\":1,\"name\":\"Hem\",\"item\":\"https:\\\/\\\/karlskogahotell.se\\\/\"},{\"@type\":\"ListItem\",\"position\":2,\"name\":\"Bekv\u00e4mligheter\"}]},{\"@type\":\"WebSite\",\"@id\":\"https:\\\/\\\/karlskogahotell.se\\\/#website\",\"url\":\"https:\\\/\\\/karlskogahotell.se\\\/\",\"name\":\"Karlskoga hotell\",\"description\":\"Ett n\u00e4ra hotell i Karlskoga\",\"publisher\":{\"@id\":\"https:\\\/\\\/karlskogahotell.se\\\/#organization\"},\"potentialAction\":[{\"@type\":\"SearchAction\",\"target\":{\"@type\":\"EntryPoint\",\"urlTemplate\":\"https:\\\/\\\/karlskogahotell.se\\\/?s={search_term_string}\"},\"query-input\":{\"@type\":\"PropertyValueSpecification\",\"valueRequired\":true,\"valueName\":\"search_term_string\"}}],\"inLanguage\":\"en-GB\"},{\"@type\":\"Organization\",\"@id\":\"https:\\\/\\\/karlskogahotell.se\\\/#organization\",\"name\":\"Karlskoga hotell\",\"url\":\"https:\\\/\\\/karlskogahotell.se\\\/\",\"logo\":{\"@type\":\"ImageObject\",\"inLanguage\":\"en-GB\",\"@id\":\"https:\\\/\\\/karlskogahotell.se\\\/#\\\/schema\\\/logo\\\/image\\\/\",\"url\":\"https:\\\/\\\/media.karlskogahotell.se\\\/2021\\\/03\\\/KarlskogaHotell_logotype_COLOR.png\",\"contentUrl\":\"https:\\\/\\\/media.karlskogahotell.se\\\/2021\\\/03\\\/KarlskogaHotell_logotype_COLOR.png\",\"width\":4522,\"height\":1170,\"caption\":\"Karlskoga hotell\"},\"image\":{\"@id\":\"https:\\\/\\\/karlskogahotell.se\\\/#\\\/schema\\\/logo\\\/image\\\/\"}}]}<\/script>\n<!-- \/ Yoast SEO plugin. -->","yoast_head_json":{"title":"Amenities - Karlskoga hotel","description":"F\u00f6rutom att koppla av p\u00e5 ditt hotellrum kan du tr\u00e4na p\u00e5 v\u00e5rt gym, koppla av i relaxen eller avnjuta en god m\u00e5ltid.","robots":{"index":"index","follow":"follow","max-snippet":"max-snippet:-1","max-image-preview":"max-image-preview:large","max-video-preview":"max-video-preview:-1"},"canonical":"https:\/\/karlskogahotell.se\/en\/bekvamligheter\/","og_locale":"en_GB","og_type":"article","og_title":"Allt inom r\u00e4ckh\u00e5ll - Gym, relax, lekpark - Karlskoga hotell","og_description":"F\u00f6rutom att koppla av p\u00e5 ditt hotellrum kan du tr\u00e4na p\u00e5 v\u00e5rt gym, koppla av i relaxen eller avnjuta en god m\u00e5ltid.","og_url":"https:\/\/karlskogahotell.se\/en\/bekvamligheter\/","og_site_name":"Karlskoga hotell","article_modified_time":"2024-10-22T08:50:06+00:00","og_image":[{"width":1200,"height":800,"url":"http:\/\/media.karlskogahotell.se\/2021\/03\/KH193.jpg","type":"image\/jpeg"}],"twitter_card":"summary_large_image","twitter_misc":{"Estimated reading time":"2 minutes"},"schema":{"@context":"https:\/\/schema.org","@graph":[{"@type":"WebPage","@id":"https:\/\/karlskogahotell.se\/bekvamligheter\/","url":"https:\/\/karlskogahotell.se\/bekvamligheter\/","name":"Amenities - Karlskoga hotel","isPartOf":{"@id":"https:\/\/karlskogahotell.se\/#website"},"primaryImageOfPage":{"@id":"https:\/\/karlskogahotell.se\/bekvamligheter\/#primaryimage"},"image":{"@id":"https:\/\/karlskogahotell.se\/bekvamligheter\/#primaryimage"},"thumbnailUrl":"https:\/\/media.karlskogahotell.se\/2021\/03\/KH193.jpg","datePublished":"2021-03-18T14:26:43+00:00","dateModified":"2024-10-22T08:50:06+00:00","description":"F\u00f6rutom att koppla av p\u00e5 ditt hotellrum kan du tr\u00e4na p\u00e5 v\u00e5rt gym, koppla av i relaxen eller avnjuta en god m\u00e5ltid.","breadcrumb":{"@id":"https:\/\/karlskogahotell.se\/bekvamligheter\/#breadcrumb"},"inLanguage":"en-GB","potentialAction":[{"@type":"ReadAction","target":["https:\/\/karlskogahotell.se\/bekvamligheter\/"]}]},{"@type":"ImageObject","inLanguage":"en-GB","@id":"https:\/\/karlskogahotell.se\/bekvamligheter\/#primaryimage","url":"https:\/\/media.karlskogahotell.se\/2021\/03\/KH193.jpg","contentUrl":"https:\/\/media.karlskogahotell.se\/2021\/03\/KH193.jpg","width":1200,"height":800,"caption":"saxin"},{"@type":"BreadcrumbList","@id":"https:\/\/karlskogahotell.se\/bekvamligheter\/#breadcrumb","itemListElement":[{"@type":"ListItem","position":1,"name":"Hem","item":"https:\/\/karlskogahotell.se\/"},{"@type":"ListItem","position":2,"name":"Bekv\u00e4mligheter"}]},{"@type":"WebSite","@id":"https:\/\/karlskogahotell.se\/#website","url":"https:\/\/karlskogahotell.se\/","name":"Karlskoga Hotel","description":"A local hotel in Karlskoga","publisher":{"@id":"https:\/\/karlskogahotell.se\/#organization"},"potentialAction":[{"@type":"SearchAction","target":{"@type":"EntryPoint","urlTemplate":"https:\/\/karlskogahotell.se\/?s={search_term_string}"},"query-input":{"@type":"PropertyValueSpecification","valueRequired":true,"valueName":"search_term_string"}}],"inLanguage":"en-GB"},{"@type":"Organization","@id":"https:\/\/karlskogahotell.se\/#organization","name":"Karlskoga Hotel","url":"https:\/\/karlskogahotell.se\/","logo":{"@type":"ImageObject","inLanguage":"en-GB","@id":"https:\/\/karlskogahotell.se\/#\/schema\/logo\/image\/","url":"https:\/\/media.karlskogahotell.se\/2021\/03\/KarlskogaHotell_logotype_COLOR.png","contentUrl":"https:\/\/media.karlskogahotell.se\/2021\/03\/KarlskogaHotell_logotype_COLOR.png","width":4522,"height":1170,"caption":"Karlskoga hotell"},"image":{"@id":"https:\/\/karlskogahotell.se\/#\/schema\/logo\/image\/"}}]}},"_links":{"self":[{"href":"https:\/\/karlskogahotell.se\/en\/wp-json\/wp\/v2\/pages\/556","targetHints":{"allow":["GET"]}}],"collection":[{"href":"https:\/\/karlskogahotell.se\/en\/wp-json\/wp\/v2\/pages"}],"about":[{"href":"https:\/\/karlskogahotell.se\/en\/wp-json\/wp\/v2\/types\/page"}],"author":[{"embeddable":true,"href":"https:\/\/karlskogahotell.se\/en\/wp-json\/wp\/v2\/users\/1"}],"replies":[{"embeddable":true,"href":"https:\/\/karlskogahotell.se\/en\/wp-json\/wp\/v2\/comments?post=556"}],"version-history":[{"count":151,"href":"https:\/\/karlskogahotell.se\/en\/wp-json\/wp\/v2\/pages\/556\/revisions"}],"predecessor-version":[{"id":5018,"href":"https:\/\/karlskogahotell.se\/en\/wp-json\/wp\/v2\/pages\/556\/revisions\/5018"}],"wp:featuredmedia":[{"embeddable":true,"href":"https:\/\/karlskogahotell.se\/en\/wp-json\/wp\/v2\/media\/935"}],"wp:attachment":[{"href":"https:\/\/karlskogahotell.se\/en\/wp-json\/wp\/v2\/media?parent=556"}],"curies":[{"name":"wp","href":"https:\/\/api.w.org\/{rel}","templated":true}]}}