{"id":558,"date":"2021-03-18T14:52:10","date_gmt":"2021-03-18T14:52:10","guid":{"rendered":"https:\/\/karlskogahotell.se\/?page_id=558"},"modified":"2026-01-27T09:43:31","modified_gmt":"2026-01-27T09:43:31","slug":"kontakt","status":"publish","type":"page","link":"https:\/\/karlskogahotell.se\/en\/kontakt\/","title":{"rendered":"Contact"},"content":{"rendered":"\t\t<div data-elementor-type=\"wp-page\" data-elementor-id=\"558\" class=\"elementor elementor-558\" data-elementor-post-type=\"page\">\n\t\t\t\t\t\t<section class=\"elementor-section elementor-top-section elementor-element elementor-element-4194ad3 elementor-section-height-min-height elementor-section-boxed elementor-section-height-default elementor-section-items-middle\" data-id=\"4194ad3\" data-element_type=\"section\" data-e-type=\"section\" data-settings=\"{&quot;background_background&quot;:&quot;classic&quot;}\">\n\t\t\t\t\t\t\t<div class=\"elementor-background-overlay\"><\/div>\n\t\t\t\t\t\t\t<div class=\"elementor-container elementor-column-gap-default\">\n\t\t\t\t\t<div class=\"elementor-column elementor-col-100 elementor-top-column elementor-element elementor-element-bfafac0\" data-id=\"bfafac0\" data-element_type=\"column\" data-e-type=\"column\">\n\t\t\t<div class=\"elementor-widget-wrap elementor-element-populated\">\n\t\t\t\t\t\t<div class=\"elementor-element elementor-element-e93b510 elementor-widget elementor-widget-heading\" data-id=\"e93b510\" data-element_type=\"widget\" data-e-type=\"widget\" data-widget_type=\"heading.default\">\n\t\t\t\t<div class=\"elementor-widget-container\">\n\t\t\t\t\t<h1 class=\"elementor-heading-title elementor-size-default\">Kontakta oss<\/h1>\t\t\t\t<\/div>\n\t\t\t\t<\/div>\n\t\t\t\t<div class=\"elementor-element elementor-element-58b4080 elementor-widget elementor-widget-text-editor\" data-id=\"58b4080\" data-element_type=\"widget\" data-e-type=\"widget\" data-widget_type=\"text-editor.default\">\n\t\t\t\t<div class=\"elementor-widget-container\">\n\t\t\t\t\t\t\t\t\t<p>V\u00e4lkommen att h\u00f6ra av dig om du har fr\u00e5gor eller funderingar.<\/p>\t\t\t\t\t\t\t\t<\/div>\n\t\t\t\t<\/div>\n\t\t\t\t\t<\/div>\n\t\t<\/div>\n\t\t\t\t\t<\/div>\n\t\t<\/section>\n\t\t\t\t<section class=\"elementor-section elementor-top-section elementor-element elementor-element-424bb98 elementor-section-boxed elementor-section-height-default elementor-section-height-default\" data-id=\"424bb98\" data-element_type=\"section\" data-e-type=\"section\">\n\t\t\t\t\t\t<div class=\"elementor-container elementor-column-gap-default\">\n\t\t\t\t\t<div class=\"elementor-column elementor-col-50 elementor-top-column elementor-element elementor-element-b510a39\" data-id=\"b510a39\" data-element_type=\"column\" data-e-type=\"column\">\n\t\t\t<div class=\"elementor-widget-wrap elementor-element-populated\">\n\t\t\t\t\t\t<div class=\"elementor-element elementor-element-8ce93f5 elementor-widget elementor-widget-google_maps\" data-id=\"8ce93f5\" data-element_type=\"widget\" data-e-type=\"widget\" data-widget_type=\"google_maps.default\">\n\t\t\t\t<div class=\"elementor-widget-container\">\n\t\t\t\t\t\t\t<div class=\"elementor-custom-embed\">\n\t\t\t<iframe loading=\"lazy\"\n\t\t\t\t\tsrc=\"https:\/\/maps.google.com\/maps?q=Karlskoga%20&#038;t=m&#038;z=15&#038;output=embed&#038;iwloc=near\"\n\t\t\t\t\ttitle=\"Karlskoga \"\n\t\t\t\t\taria-label=\"Karlskoga \"\n\t\t\t><\/iframe>\n\t\t<\/div>\n\t\t\t\t\t\t<\/div>\n\t\t\t\t<\/div>\n\t\t\t\t\t<\/div>\n\t\t<\/div>\n\t\t\t\t<div class=\"elementor-column elementor-col-50 elementor-top-column elementor-element elementor-element-64c766a\" data-id=\"64c766a\" data-element_type=\"column\" data-e-type=\"column\">\n\t\t\t<div class=\"elementor-widget-wrap elementor-element-populated\">\n\t\t\t\t\t\t<div class=\"elementor-element elementor-element-b6e506b elementor-widget elementor-widget-heading\" data-id=\"b6e506b\" data-element_type=\"widget\" data-e-type=\"widget\" data-widget_type=\"heading.default\">\n\t\t\t\t<div class=\"elementor-widget-container\">\n\t\t\t\t\t<h3 class=\"elementor-heading-title elementor-size-default\">Ett n\u00e4ra hotell<\/h3>\t\t\t\t<\/div>\n\t\t\t\t<\/div>\n\t\t\t\t<div class=\"elementor-element elementor-element-ecd7124 elementor-widget elementor-widget-text-editor\" data-id=\"ecd7124\" data-element_type=\"widget\" data-e-type=\"widget\" data-widget_type=\"text-editor.default\">\n\t\t\t\t<div class=\"elementor-widget-container\">\n\t\t\t\t\t\t\t\t\t<p>Vi \u00e4r ett fullservice hotell som passar b\u00e5de familjer, aff\u00e4rsresande och dig som beh\u00f6ver ett stopp p\u00e5 v\u00e4gen. H\u00e4r bor du bekv\u00e4mt, \u00e4ter v\u00e4llagat och har n\u00e4ra till det mesta. Med 101 g\u00e4strum \u00e4r vi en viktig del i den lokala turismen. Hotellet ligger n\u00e4ra kommunikationsleder, centrum och olika aktivitetscentra.<\/p><p>Receptionens \u00f6ppettider \u00e4r:\u00a0<br \/>M\u00e5ndag-torsdag\u00a0 \u00a0 \u00a0 \u00a0 \u00a0 \u00a008:00-22:00<br \/>Fredag\u00a0 \u00a0 \u00a0 \u00a0 \u00a0 \u00a0 \u00a0 \u00a0 \u00a0 \u00a0 \u00a0 \u00a0 \u00a0 \u00a0 \u00a0 \u00a0 \u00a0 \u00a008:00-20:00<br \/>Helger &amp; helgdagar:\u00a0 \u00a0 12:00-20:00<\/p><p>Varmt v\u00e4lkommen!<\/p>\t\t\t\t\t\t\t\t<\/div>\n\t\t\t\t<\/div>\n\t\t\t\t<div class=\"elementor-element elementor-element-e691040 elementor-widget elementor-widget-text-editor\" data-id=\"e691040\" data-element_type=\"widget\" data-e-type=\"widget\" data-widget_type=\"text-editor.default\">\n\t\t\t\t<div class=\"elementor-widget-container\">\n\t\t\t\t\t\t\t\t\t<p><strong>Telefon:<\/strong> 0586-637 40<br \/><strong>E-post:<\/strong> <a href=\"mailto:info@karlskogahotell.se\">info@karlskogahotell.se<\/a><br \/><strong>Adress:<\/strong> Bo\u00e5sv\u00e4gen 2, 691 33 Karlskoga<\/p>\t\t\t\t\t\t\t\t<\/div>\n\t\t\t\t<\/div>\n\t\t\t\t<div class=\"elementor-element elementor-element-1ca8177 elementor-widget elementor-widget-button\" data-id=\"1ca8177\" data-element_type=\"widget\" data-e-type=\"widget\" data-widget_type=\"button.default\">\n\t\t\t\t<div class=\"elementor-widget-container\">\n\t\t\t\t\t\t\t\t\t<div class=\"elementor-button-wrapper\">\n\t\t\t\t\t<a class=\"elementor-button elementor-button-link elementor-size-sm\" href=\"https:\/\/picassoonline.techotel.dk\/sv\/karlskoga-hotell\/karlskoga-hotell\/booking\/rooms\/\" target=\"_blank\">\n\t\t\t\t\t\t<span class=\"elementor-button-content-wrapper\">\n\t\t\t\t\t\t\t\t\t<span class=\"elementor-button-text\">Boka rum<\/span>\n\t\t\t\t\t<\/span>\n\t\t\t\t\t<\/a>\n\t\t\t\t<\/div>\n\t\t\t\t\t\t\t\t<\/div>\n\t\t\t\t<\/div>\n\t\t\t\t\t<\/div>\n\t\t<\/div>\n\t\t\t\t\t<\/div>\n\t\t<\/section>\n\t\t\t\t<section class=\"elementor-section elementor-top-section elementor-element elementor-element-722ee7c elementor-section-boxed elementor-section-height-default elementor-section-height-default\" data-id=\"722ee7c\" data-element_type=\"section\" data-e-type=\"section\" data-settings=\"{&quot;background_background&quot;:&quot;classic&quot;}\">\n\t\t\t\t\t\t<div class=\"elementor-container elementor-column-gap-default\">\n\t\t\t\t\t<div class=\"elementor-column elementor-col-100 elementor-top-column elementor-element elementor-element-20666bc\" data-id=\"20666bc\" data-element_type=\"column\" data-e-type=\"column\">\n\t\t\t<div class=\"elementor-widget-wrap elementor-element-populated\">\n\t\t\t\t\t\t<div class=\"elementor-element elementor-element-e756a4e elementor-widget elementor-widget-heading\" data-id=\"e756a4e\" data-element_type=\"widget\" data-e-type=\"widget\" data-widget_type=\"heading.default\">\n\t\t\t\t<div class=\"elementor-widget-container\">\n\t\t\t\t\t<h2 class=\"elementor-heading-title elementor-size-default\">Vill du veta mer?<\/h2>\t\t\t\t<\/div>\n\t\t\t\t<\/div>\n\t\t\t\t<div class=\"elementor-element elementor-element-ece1e28 elementor-widget elementor-widget-text-editor\" data-id=\"ece1e28\" data-element_type=\"widget\" data-e-type=\"widget\" data-widget_type=\"text-editor.default\">\n\t\t\t\t<div class=\"elementor-widget-container\">\n\t\t\t\t\t\t\t\t\t<p>Varmt v\u00e4lkommen att kontakta oss med din f\u00f6rfr\u00e5gan.<\/p>\t\t\t\t\t\t\t\t<\/div>\n\t\t\t\t<\/div>\n\t\t\t\t<div class=\"elementor-element elementor-element-fc220cf elementor-button-align-center elementor-widget elementor-widget-form\" data-id=\"fc220cf\" data-element_type=\"widget\" data-e-type=\"widget\" data-settings=\"{&quot;step_next_label&quot;:&quot;N\\u00e4sta&quot;,&quot;step_previous_label&quot;:&quot;F\\u00f6reg\\u00e5ende&quot;,&quot;button_width&quot;:&quot;100&quot;,&quot;step_type&quot;:&quot;number_text&quot;,&quot;step_icon_shape&quot;:&quot;circle&quot;}\" data-widget_type=\"form.default\">\n\t\t\t\t<div class=\"elementor-widget-container\">\n\t\t\t\t\t\t\t<form class=\"elementor-form\" method=\"post\" name=\"Kontaktformul\u00e4r\" aria-label=\"Kontaktformul\u00e4r\">\n\t\t\t<input type=\"hidden\" name=\"post_id\" value=\"558\"\/>\n\t\t\t<input type=\"hidden\" name=\"form_id\" value=\"fc220cf\"\/>\n\t\t\t<input type=\"hidden\" name=\"referer_title\" value=\"Kontakta oss - Karlskoga hotell\" \/>\n\n\t\t\t\t\t\t\t<input type=\"hidden\" name=\"queried_id\" value=\"558\"\/>\n\t\t\t\n\t\t\t<div class=\"elementor-form-fields-wrapper elementor-labels-\">\n\t\t\t\t\t\t\t\t<div class=\"elementor-field-type-text elementor-field-group elementor-column elementor-field-group-name elementor-col-100\">\n\t\t\t\t\t\t\t\t\t\t\t\t<label for=\"form-field-name\" class=\"elementor-field-label elementor-screen-only\">\n\t\t\t\t\t\t\t\tNamn\t\t\t\t\t\t\t<\/label>\n\t\t\t\t\t\t\t\t\t\t\t\t\t\t<input size=\"1\" type=\"text\" name=\"form_fields[name]\" id=\"form-field-name\" class=\"elementor-field elementor-size-sm  elementor-field-textual\" placeholder=\"Namn\">\n\t\t\t\t\t\t\t\t\t\t\t<\/div>\n\t\t\t\t\t\t\t\t<div class=\"elementor-field-type-email elementor-field-group elementor-column elementor-field-group-email elementor-col-50 elementor-field-required\">\n\t\t\t\t\t\t\t\t\t\t\t\t<label for=\"form-field-email\" class=\"elementor-field-label elementor-screen-only\">\n\t\t\t\t\t\t\t\tE-post\t\t\t\t\t\t\t<\/label>\n\t\t\t\t\t\t\t\t\t\t\t\t\t\t<input size=\"1\" type=\"email\" name=\"form_fields[email]\" id=\"form-field-email\" class=\"elementor-field elementor-size-sm  elementor-field-textual\" placeholder=\"E-post\" required=\"required\">\n\t\t\t\t\t\t\t\t\t\t\t<\/div>\n\t\t\t\t\t\t\t\t<div class=\"elementor-field-type-tel elementor-field-group elementor-column elementor-field-group-field_dc79791 elementor-col-50\">\n\t\t\t\t\t\t\t\t\t\t\t\t<label for=\"form-field-field_dc79791\" class=\"elementor-field-label elementor-screen-only\">\n\t\t\t\t\t\t\t\tTelefon\t\t\t\t\t\t\t<\/label>\n\t\t\t\t\t\t\t\t<input size=\"1\" type=\"tel\" name=\"form_fields[field_dc79791]\" id=\"form-field-field_dc79791\" class=\"elementor-field elementor-size-sm  elementor-field-textual\" placeholder=\"Telefon\" pattern=\"[0-9()#&amp;+*-=.]+\" title=\"Endast siffror och telefontecken (#, -, *, etc) accepteras.\">\n\n\t\t\t\t\t\t<\/div>\n\t\t\t\t\t\t\t\t<div class=\"elementor-field-type-textarea elementor-field-group elementor-column elementor-field-group-message elementor-col-100\">\n\t\t\t\t\t\t\t\t\t\t\t\t<label for=\"form-field-message\" class=\"elementor-field-label elementor-screen-only\">\n\t\t\t\t\t\t\t\tMeddelande\t\t\t\t\t\t\t<\/label>\n\t\t\t\t\t\t<textarea class=\"elementor-field-textual elementor-field  elementor-size-sm\" name=\"form_fields[message]\" id=\"form-field-message\" rows=\"4\" placeholder=\"Meddelande\"><\/textarea>\t\t\t\t<\/div>\n\t\t\t\t\t\t\t\t<div class=\"elementor-field-type-recaptcha_v3 elementor-field-group elementor-column elementor-field-group-field_548611b elementor-col-100 recaptcha_v3-bottomright\">\n\t\t\t\t\t<div class=\"elementor-field\" id=\"form-field-field_548611b\"><div class=\"elementor-g-recaptcha\" data-sitekey=\"6LfOiQgcAAAAAErJNie_RKQj2LCSLH9hp7CWZZlb\" data-type=\"v3\" data-action=\"Form\" data-badge=\"bottomright\" data-size=\"invisible\"><\/div><\/div>\t\t\t\t<\/div>\n\t\t\t\t\t\t\t\t<div class=\"elementor-field-group elementor-column elementor-field-type-submit elementor-col-100 e-form__buttons\">\n\t\t\t\t\t<button class=\"elementor-button elementor-size-sm\" type=\"submit\">\n\t\t\t\t\t\t<span class=\"elementor-button-content-wrapper\">\n\t\t\t\t\t\t\t\t\t\t\t\t\t\t\t\t\t\t\t\t\t\t<span class=\"elementor-button-text\">Skicka<\/span>\n\t\t\t\t\t\t\t\t\t\t\t\t\t<\/span>\n\t\t\t\t\t<\/button>\n\t\t\t\t<\/div>\n\t\t\t<\/div>\n\t\t<\/form>\n\t\t\t\t\t\t<\/div>\n\t\t\t\t<\/div>\n\t\t\t\t\t<\/div>\n\t\t<\/div>\n\t\t\t\t\t<\/div>\n\t\t<\/section>\n\t\t\t\t<\/div>\n\t\t","protected":false},"excerpt":{"rendered":"<p>Kontakta oss V\u00e4lkommen att h\u00f6ra av dig om du har fr\u00e5gor eller funderingar. Ett n\u00e4ra hotell Vi \u00e4r ett fullservice hotell som passar b\u00e5de familjer, aff\u00e4rsresande och dig som beh\u00f6ver ett stopp p\u00e5 v\u00e4gen. H\u00e4r bor du bekv\u00e4mt, \u00e4ter v\u00e4llagat och har n\u00e4ra till det mesta. Med 101 g\u00e4strum \u00e4r vi en viktig del i [&hellip;]<\/p>\n","protected":false},"author":1,"featured_media":2704,"parent":0,"menu_order":0,"comment_status":"closed","ping_status":"closed","template":"elementor_header_footer","meta":{"footnotes":""},"class_list":["post-558","page","type-page","status-publish","has-post-thumbnail","hentry"],"yoast_head":"<!-- This site is optimized with the Yoast SEO plugin v27.4 - https:\/\/yoast.com\/product\/yoast-seo-wordpress\/ -->\n<title>Kontakta oss - Karlskoga hotell<\/title>\n<meta name=\"description\" content=\"Med \u00f6ver 100 g\u00e4strum \u00e4r vi en viktig del i den lokala turismen. Hotellet ligger n\u00e4ra kommunikationsleder, centrum och olika aktivitetscentra.\" \/>\n<meta name=\"robots\" content=\"index, follow, max-snippet:-1, max-image-preview:large, max-video-preview:-1\" \/>\n<link rel=\"canonical\" href=\"https:\/\/karlskogahotell.se\/en\/kontakt\/\" \/>\n<meta property=\"og:locale\" content=\"en_GB\" \/>\n<meta property=\"og:type\" content=\"article\" \/>\n<meta property=\"og:title\" content=\"Kontakta oss - Karlskoga hotell\" \/>\n<meta property=\"og:description\" content=\"Med \u00f6ver 100 g\u00e4strum \u00e4r vi en viktig del i den lokala turismen. Hotellet ligger n\u00e4ra kommunikationsleder, centrum och olika aktivitetscentra.\" \/>\n<meta property=\"og:url\" content=\"https:\/\/karlskogahotell.se\/en\/kontakt\/\" \/>\n<meta property=\"og:site_name\" content=\"Karlskoga hotell\" \/>\n<meta property=\"article:modified_time\" content=\"2026-01-27T09:43:31+00:00\" \/>\n<meta property=\"og:image\" content=\"http:\/\/media.karlskogahotell.se\/2021\/06\/lobby2-1980-min.jpg\" \/>\n\t<meta property=\"og:image:width\" content=\"1980\" \/>\n\t<meta property=\"og:image:height\" content=\"1320\" \/>\n\t<meta property=\"og:image:type\" content=\"image\/jpeg\" \/>\n<meta name=\"twitter:card\" content=\"summary_large_image\" \/>\n<meta name=\"twitter:label1\" content=\"Estimated reading time\" \/>\n\t<meta name=\"twitter:data1\" content=\"1 minute\" \/>\n<script type=\"application\/ld+json\" class=\"yoast-schema-graph\">{\"@context\":\"https:\\\/\\\/schema.org\",\"@graph\":[{\"@type\":\"WebPage\",\"@id\":\"https:\\\/\\\/karlskogahotell.se\\\/kontakt\\\/\",\"url\":\"https:\\\/\\\/karlskogahotell.se\\\/kontakt\\\/\",\"name\":\"Kontakta oss - Karlskoga hotell\",\"isPartOf\":{\"@id\":\"https:\\\/\\\/karlskogahotell.se\\\/#website\"},\"primaryImageOfPage\":{\"@id\":\"https:\\\/\\\/karlskogahotell.se\\\/kontakt\\\/#primaryimage\"},\"image\":{\"@id\":\"https:\\\/\\\/karlskogahotell.se\\\/kontakt\\\/#primaryimage\"},\"thumbnailUrl\":\"https:\\\/\\\/media.karlskogahotell.se\\\/2021\\\/06\\\/lobby2-1980-min.jpg\",\"datePublished\":\"2021-03-18T14:52:10+00:00\",\"dateModified\":\"2026-01-27T09:43:31+00:00\",\"description\":\"Med \u00f6ver 100 g\u00e4strum \u00e4r vi en viktig del i den lokala turismen. Hotellet ligger n\u00e4ra kommunikationsleder, centrum och olika aktivitetscentra.\",\"breadcrumb\":{\"@id\":\"https:\\\/\\\/karlskogahotell.se\\\/kontakt\\\/#breadcrumb\"},\"inLanguage\":\"en-GB\",\"potentialAction\":[{\"@type\":\"ReadAction\",\"target\":[\"https:\\\/\\\/karlskogahotell.se\\\/kontakt\\\/\"]}]},{\"@type\":\"ImageObject\",\"inLanguage\":\"en-GB\",\"@id\":\"https:\\\/\\\/karlskogahotell.se\\\/kontakt\\\/#primaryimage\",\"url\":\"https:\\\/\\\/media.karlskogahotell.se\\\/2021\\\/06\\\/lobby2-1980-min.jpg\",\"contentUrl\":\"https:\\\/\\\/media.karlskogahotell.se\\\/2021\\\/06\\\/lobby2-1980-min.jpg\",\"width\":1980,\"height\":1320},{\"@type\":\"BreadcrumbList\",\"@id\":\"https:\\\/\\\/karlskogahotell.se\\\/kontakt\\\/#breadcrumb\",\"itemListElement\":[{\"@type\":\"ListItem\",\"position\":1,\"name\":\"Hem\",\"item\":\"https:\\\/\\\/karlskogahotell.se\\\/\"},{\"@type\":\"ListItem\",\"position\":2,\"name\":\"Kontakt\"}]},{\"@type\":\"WebSite\",\"@id\":\"https:\\\/\\\/karlskogahotell.se\\\/#website\",\"url\":\"https:\\\/\\\/karlskogahotell.se\\\/\",\"name\":\"Karlskoga hotell\",\"description\":\"Ett n\u00e4ra hotell i Karlskoga\",\"publisher\":{\"@id\":\"https:\\\/\\\/karlskogahotell.se\\\/#organization\"},\"potentialAction\":[{\"@type\":\"SearchAction\",\"target\":{\"@type\":\"EntryPoint\",\"urlTemplate\":\"https:\\\/\\\/karlskogahotell.se\\\/?s={search_term_string}\"},\"query-input\":{\"@type\":\"PropertyValueSpecification\",\"valueRequired\":true,\"valueName\":\"search_term_string\"}}],\"inLanguage\":\"en-GB\"},{\"@type\":\"Organization\",\"@id\":\"https:\\\/\\\/karlskogahotell.se\\\/#organization\",\"name\":\"Karlskoga hotell\",\"url\":\"https:\\\/\\\/karlskogahotell.se\\\/\",\"logo\":{\"@type\":\"ImageObject\",\"inLanguage\":\"en-GB\",\"@id\":\"https:\\\/\\\/karlskogahotell.se\\\/#\\\/schema\\\/logo\\\/image\\\/\",\"url\":\"https:\\\/\\\/media.karlskogahotell.se\\\/2021\\\/03\\\/KarlskogaHotell_logotype_COLOR.png\",\"contentUrl\":\"https:\\\/\\\/media.karlskogahotell.se\\\/2021\\\/03\\\/KarlskogaHotell_logotype_COLOR.png\",\"width\":4522,\"height\":1170,\"caption\":\"Karlskoga hotell\"},\"image\":{\"@id\":\"https:\\\/\\\/karlskogahotell.se\\\/#\\\/schema\\\/logo\\\/image\\\/\"}}]}<\/script>\n<!-- \/ Yoast SEO plugin. -->","yoast_head_json":{"title":"Contact us - Karlskoga hotel","description":"Med \u00f6ver 100 g\u00e4strum \u00e4r vi en viktig del i den lokala turismen. Hotellet ligger n\u00e4ra kommunikationsleder, centrum och olika aktivitetscentra.","robots":{"index":"index","follow":"follow","max-snippet":"max-snippet:-1","max-image-preview":"max-image-preview:large","max-video-preview":"max-video-preview:-1"},"canonical":"https:\/\/karlskogahotell.se\/en\/kontakt\/","og_locale":"en_GB","og_type":"article","og_title":"Kontakta oss - Karlskoga hotell","og_description":"Med \u00f6ver 100 g\u00e4strum \u00e4r vi en viktig del i den lokala turismen. Hotellet ligger n\u00e4ra kommunikationsleder, centrum och olika aktivitetscentra.","og_url":"https:\/\/karlskogahotell.se\/en\/kontakt\/","og_site_name":"Karlskoga hotell","article_modified_time":"2026-01-27T09:43:31+00:00","og_image":[{"width":1980,"height":1320,"url":"http:\/\/media.karlskogahotell.se\/2021\/06\/lobby2-1980-min.jpg","type":"image\/jpeg"}],"twitter_card":"summary_large_image","twitter_misc":{"Estimated reading time":"1 minute"},"schema":{"@context":"https:\/\/schema.org","@graph":[{"@type":"WebPage","@id":"https:\/\/karlskogahotell.se\/kontakt\/","url":"https:\/\/karlskogahotell.se\/kontakt\/","name":"Contact us - Karlskoga hotel","isPartOf":{"@id":"https:\/\/karlskogahotell.se\/#website"},"primaryImageOfPage":{"@id":"https:\/\/karlskogahotell.se\/kontakt\/#primaryimage"},"image":{"@id":"https:\/\/karlskogahotell.se\/kontakt\/#primaryimage"},"thumbnailUrl":"https:\/\/media.karlskogahotell.se\/2021\/06\/lobby2-1980-min.jpg","datePublished":"2021-03-18T14:52:10+00:00","dateModified":"2026-01-27T09:43:31+00:00","description":"Med \u00f6ver 100 g\u00e4strum \u00e4r vi en viktig del i den lokala turismen. Hotellet ligger n\u00e4ra kommunikationsleder, centrum och olika aktivitetscentra.","breadcrumb":{"@id":"https:\/\/karlskogahotell.se\/kontakt\/#breadcrumb"},"inLanguage":"en-GB","potentialAction":[{"@type":"ReadAction","target":["https:\/\/karlskogahotell.se\/kontakt\/"]}]},{"@type":"ImageObject","inLanguage":"en-GB","@id":"https:\/\/karlskogahotell.se\/kontakt\/#primaryimage","url":"https:\/\/media.karlskogahotell.se\/2021\/06\/lobby2-1980-min.jpg","contentUrl":"https:\/\/media.karlskogahotell.se\/2021\/06\/lobby2-1980-min.jpg","width":1980,"height":1320},{"@type":"BreadcrumbList","@id":"https:\/\/karlskogahotell.se\/kontakt\/#breadcrumb","itemListElement":[{"@type":"ListItem","position":1,"name":"Hem","item":"https:\/\/karlskogahotell.se\/"},{"@type":"ListItem","position":2,"name":"Kontakt"}]},{"@type":"WebSite","@id":"https:\/\/karlskogahotell.se\/#website","url":"https:\/\/karlskogahotell.se\/","name":"Karlskoga Hotel","description":"A local hotel in Karlskoga","publisher":{"@id":"https:\/\/karlskogahotell.se\/#organization"},"potentialAction":[{"@type":"SearchAction","target":{"@type":"EntryPoint","urlTemplate":"https:\/\/karlskogahotell.se\/?s={search_term_string}"},"query-input":{"@type":"PropertyValueSpecification","valueRequired":true,"valueName":"search_term_string"}}],"inLanguage":"en-GB"},{"@type":"Organization","@id":"https:\/\/karlskogahotell.se\/#organization","name":"Karlskoga Hotel","url":"https:\/\/karlskogahotell.se\/","logo":{"@type":"ImageObject","inLanguage":"en-GB","@id":"https:\/\/karlskogahotell.se\/#\/schema\/logo\/image\/","url":"https:\/\/media.karlskogahotell.se\/2021\/03\/KarlskogaHotell_logotype_COLOR.png","contentUrl":"https:\/\/media.karlskogahotell.se\/2021\/03\/KarlskogaHotell_logotype_COLOR.png","width":4522,"height":1170,"caption":"Karlskoga hotell"},"image":{"@id":"https:\/\/karlskogahotell.se\/#\/schema\/logo\/image\/"}}]}},"_links":{"self":[{"href":"https:\/\/karlskogahotell.se\/en\/wp-json\/wp\/v2\/pages\/558","targetHints":{"allow":["GET"]}}],"collection":[{"href":"https:\/\/karlskogahotell.se\/en\/wp-json\/wp\/v2\/pages"}],"about":[{"href":"https:\/\/karlskogahotell.se\/en\/wp-json\/wp\/v2\/types\/page"}],"author":[{"embeddable":true,"href":"https:\/\/karlskogahotell.se\/en\/wp-json\/wp\/v2\/users\/1"}],"replies":[{"embeddable":true,"href":"https:\/\/karlskogahotell.se\/en\/wp-json\/wp\/v2\/comments?post=558"}],"version-history":[{"count":113,"href":"https:\/\/karlskogahotell.se\/en\/wp-json\/wp\/v2\/pages\/558\/revisions"}],"predecessor-version":[{"id":5615,"href":"https:\/\/karlskogahotell.se\/en\/wp-json\/wp\/v2\/pages\/558\/revisions\/5615"}],"wp:featuredmedia":[{"embeddable":true,"href":"https:\/\/karlskogahotell.se\/en\/wp-json\/wp\/v2\/media\/2704"}],"wp:attachment":[{"href":"https:\/\/karlskogahotell.se\/en\/wp-json\/wp\/v2\/media?parent=558"}],"curies":[{"name":"wp","href":"https:\/\/api.w.org\/{rel}","templated":true}]}}