{"id":925,"date":"2021-03-20T10:25:05","date_gmt":"2021-03-20T10:25:05","guid":{"rendered":"https:\/\/karlskogahotell.se\/?page_id=925"},"modified":"2021-07-16T13:42:32","modified_gmt":"2021-07-16T13:42:32","slug":"gym","status":"publish","type":"page","link":"https:\/\/karlskogahotell.se\/en\/bekvamligheter\/gym\/","title":{"rendered":"Gym"},"content":{"rendered":"<div data-elementor-type=\"wp-page\" data-elementor-id=\"925\" class=\"elementor elementor-925\" data-elementor-post-type=\"page\">\n\t\t\t\t\t\t<section class=\"elementor-section elementor-top-section elementor-element elementor-element-32e7917 elementor-section-height-min-height elementor-section-boxed elementor-section-height-default elementor-section-items-middle\" data-id=\"32e7917\" data-element_type=\"section\" data-e-type=\"section\" data-settings=\"{&quot;background_background&quot;:&quot;classic&quot;}\">\n\t\t\t\t\t\t\t<div class=\"elementor-background-overlay\"><\/div>\n\t\t\t\t\t\t\t<div class=\"elementor-container elementor-column-gap-default\">\n\t\t\t\t\t<div class=\"elementor-column elementor-col-100 elementor-top-column elementor-element elementor-element-bcc0b25\" data-id=\"bcc0b25\" data-element_type=\"column\" data-e-type=\"column\">\n\t\t\t<div class=\"elementor-widget-wrap elementor-element-populated\">\n\t\t\t\t\t\t<div class=\"elementor-element elementor-element-477a762 elementor-widget elementor-widget-heading\" data-id=\"477a762\" data-element_type=\"widget\" data-e-type=\"widget\" data-widget_type=\"heading.default\">\n\t\t\t\t<div class=\"elementor-widget-container\">\n\t\t\t\t\t<h1 class=\"elementor-heading-title elementor-size-default\">Gym<\/h1>\t\t\t\t<\/div>\n\t\t\t\t<\/div>\n\t\t\t\t<div class=\"elementor-element elementor-element-b3e8e88 elementor-widget elementor-widget-text-editor\" data-id=\"b3e8e88\" data-element_type=\"widget\" data-e-type=\"widget\" data-widget_type=\"text-editor.default\">\n\t\t\t\t<div class=\"elementor-widget-container\">\n\t\t\t\t\t\t\t\t\t<p>Give your body a great workout! As a hotel guest you have free access to our well-equipped gym.<\/p>\t\t\t\t\t\t\t\t<\/div>\n\t\t\t\t<\/div>\n\t\t\t\t\t<\/div>\n\t\t<\/div>\n\t\t\t\t\t<\/div>\n\t\t<\/section>\n\t\t\t\t<section class=\"elementor-section elementor-top-section elementor-element elementor-element-281502b elementor-section-boxed elementor-section-height-default elementor-section-height-default\" data-id=\"281502b\" data-element_type=\"section\" data-e-type=\"section\">\n\t\t\t\t\t\t<div class=\"elementor-container elementor-column-gap-default\">\n\t\t\t\t\t<div class=\"elementor-column elementor-col-100 elementor-top-column elementor-element elementor-element-78c62f9\" data-id=\"78c62f9\" data-element_type=\"column\" data-e-type=\"column\">\n\t\t\t<div class=\"elementor-widget-wrap elementor-element-populated\">\n\t\t\t\t\t\t<div class=\"elementor-element elementor-element-afffeeb elementor-align-left elementor-widget elementor-widget-breadcrumbs\" data-id=\"afffeeb\" data-element_type=\"widget\" data-e-type=\"widget\" data-widget_type=\"breadcrumbs.default\">\n\t\t\t\t<div class=\"elementor-widget-container\">\n\t\t\t\t\t<p id=\"breadcrumbs\"><span><span><a href=\"https:\/\/karlskogahotell.se\/en\">Home<\/a><\/span><\/span><\/p>\t\t\t\t<\/div>\n\t\t\t\t<\/div>\n\t\t\t\t\t<\/div>\n\t\t<\/div>\n\t\t\t\t\t<\/div>\n\t\t<\/section>\n\t\t\t\t<section class=\"elementor-section elementor-top-section elementor-element elementor-element-1be879e elementor-reverse-mobile elementor-section-boxed elementor-section-height-default elementor-section-height-default\" data-id=\"1be879e\" data-element_type=\"section\" data-e-type=\"section\">\n\t\t\t\t\t\t<div class=\"elementor-container elementor-column-gap-default\">\n\t\t\t\t\t<div class=\"elementor-column elementor-col-50 elementor-top-column elementor-element elementor-element-2927b66\" data-id=\"2927b66\" data-element_type=\"column\" data-e-type=\"column\">\n\t\t\t<div class=\"elementor-widget-wrap elementor-element-populated\">\n\t\t\t\t\t\t<div class=\"elementor-element elementor-element-190ce44 elementor-widget elementor-widget-image\" data-id=\"190ce44\" data-element_type=\"widget\" data-e-type=\"widget\" data-widget_type=\"image.default\">\n\t\t\t\t<div class=\"elementor-widget-container\">\n\t\t\t\t\t\t\t\t\t\t\t\t\t\t\t\t<a href=\"http:\/\/media.karlskogahotell.se\/2021\/03\/gym.jpg\" data-elementor-open-lightbox=\"yes\" data-elementor-lightbox-title=\"gym\" data-e-action-hash=\"#elementor-action%3Aaction%3Dlightbox%26settings%3DeyJpZCI6OTM0LCJ1cmwiOiJodHRwczpcL1wvbWVkaWEua2FybHNrb2dhaG90ZWxsLnNlXC8yMDIxXC8wM1wvZ3ltLmpwZyJ9\">\n\t\t\t\t\t\t\t<img fetchpriority=\"high\" decoding=\"async\" width=\"800\" height=\"534\" src=\"https:\/\/media.karlskogahotell.se\/2021\/03\/gym-1024x683.jpg\" class=\"attachment-large size-large wp-image-934\" alt=\"\" srcset=\"http:\/\/media.karlskogahotell.se\/2021\/03\/gym-1024x683.jpg 1024w, http:\/\/media.karlskogahotell.se\/2021\/03\/gym-300x200.jpg 300w, http:\/\/media.karlskogahotell.se\/2021\/03\/gym-768x512.jpg 768w, http:\/\/media.karlskogahotell.se\/2021\/03\/gym.jpg 1200w\" sizes=\"(max-width: 800px) 100vw, 800px\" \/>\t\t\t\t\t\t\t\t<\/a>\n\t\t\t\t\t\t\t\t\t\t\t\t\t\t\t<\/div>\n\t\t\t\t<\/div>\n\t\t\t\t<div class=\"elementor-element elementor-element-c923f42 elementor-widget elementor-widget-gallery\" data-id=\"c923f42\" data-element_type=\"widget\" data-e-type=\"widget\" data-settings=\"{&quot;gap&quot;:{&quot;unit&quot;:&quot;px&quot;,&quot;size&quot;:13,&quot;sizes&quot;:[]},&quot;aspect_ratio&quot;:&quot;1:1&quot;,&quot;columns_mobile&quot;:3,&quot;lazyload&quot;:&quot;yes&quot;,&quot;gallery_layout&quot;:&quot;grid&quot;,&quot;columns&quot;:4,&quot;columns_tablet&quot;:2,&quot;gap_tablet&quot;:{&quot;unit&quot;:&quot;px&quot;,&quot;size&quot;:10,&quot;sizes&quot;:[]},&quot;gap_mobile&quot;:{&quot;unit&quot;:&quot;px&quot;,&quot;size&quot;:10,&quot;sizes&quot;:[]},&quot;link_to&quot;:&quot;file&quot;,&quot;overlay_background&quot;:&quot;yes&quot;,&quot;content_hover_animation&quot;:&quot;fade-in&quot;}\" data-widget_type=\"gallery.default\">\n\t\t\t\t<div class=\"elementor-widget-container\">\n\t\t\t\t\t\t\t<div class=\"elementor-gallery__container\">\n\t\t\t\t\t\t\t<a class=\"e-gallery-item elementor-gallery-item elementor-animated-content\" href=\"https:\/\/media.karlskogahotell.se\/2021\/03\/KH193.jpg\" data-elementor-open-lightbox=\"yes\" data-elementor-lightbox-slideshow=\"c923f42\" data-elementor-lightbox-title=\"saxin\" data-e-action-hash=\"#elementor-action%3Aaction%3Dlightbox%26settings%3DeyJpZCI6OTM1LCJ1cmwiOiJodHRwczpcL1wvbWVkaWEua2FybHNrb2dhaG90ZWxsLnNlXC8yMDIxXC8wM1wvS0gxOTMuanBnIiwic2xpZGVzaG93IjoiYzkyM2Y0MiJ9\">\n\t\t\t\t\t<div class=\"e-gallery-image elementor-gallery-item__image\" data-thumbnail=\"https:\/\/media.karlskogahotell.se\/2021\/03\/KH193-300x200.jpg\" data-width=\"300\" data-height=\"200\" aria-label=\"\" role=\"img\" ><\/div>\n\t\t\t\t\t\t\t\t\t\t\t<div class=\"elementor-gallery-item__overlay\"><\/div>\n\t\t\t\t\t\t\t\t\t\t\t\t\t\t<\/a>\n\t\t\t\t\t\t\t<a class=\"e-gallery-item elementor-gallery-item elementor-animated-content\" href=\"https:\/\/media.karlskogahotell.se\/2021\/03\/KH219.jpg\" data-elementor-open-lightbox=\"yes\" data-elementor-lightbox-slideshow=\"c923f42\" data-elementor-lightbox-title=\"saxin\" data-e-action-hash=\"#elementor-action%3Aaction%3Dlightbox%26settings%3DeyJpZCI6OTM2LCJ1cmwiOiJodHRwczpcL1wvbWVkaWEua2FybHNrb2dhaG90ZWxsLnNlXC8yMDIxXC8wM1wvS0gyMTkuanBnIiwic2xpZGVzaG93IjoiYzkyM2Y0MiJ9\">\n\t\t\t\t\t<div class=\"e-gallery-image elementor-gallery-item__image\" data-thumbnail=\"https:\/\/media.karlskogahotell.se\/2021\/03\/KH219-300x200.jpg\" data-width=\"300\" data-height=\"200\" aria-label=\"\" role=\"img\" ><\/div>\n\t\t\t\t\t\t\t\t\t\t\t<div class=\"elementor-gallery-item__overlay\"><\/div>\n\t\t\t\t\t\t\t\t\t\t\t\t\t\t<\/a>\n\t\t\t\t\t\t\t<a class=\"e-gallery-item elementor-gallery-item elementor-animated-content\" href=\"https:\/\/media.karlskogahotell.se\/2021\/03\/KH220-1.jpg\" data-elementor-open-lightbox=\"yes\" data-elementor-lightbox-slideshow=\"c923f42\" data-elementor-lightbox-title=\"saxin\" data-e-action-hash=\"#elementor-action%3Aaction%3Dlightbox%26settings%3DeyJpZCI6Njc4LCJ1cmwiOiJodHRwczpcL1wvbWVkaWEua2FybHNrb2dhaG90ZWxsLnNlXC8yMDIxXC8wM1wvS0gyMjAtMS5qcGciLCJzbGlkZXNob3ciOiJjOTIzZjQyIn0%3D\">\n\t\t\t\t\t<div class=\"e-gallery-image elementor-gallery-item__image\" data-thumbnail=\"https:\/\/media.karlskogahotell.se\/2021\/03\/KH220-1-300x200.jpg\" data-width=\"300\" data-height=\"200\" aria-label=\"\" role=\"img\" ><\/div>\n\t\t\t\t\t\t\t\t\t\t\t<div class=\"elementor-gallery-item__overlay\"><\/div>\n\t\t\t\t\t\t\t\t\t\t\t\t\t\t<\/a>\n\t\t\t\t\t\t\t<a class=\"e-gallery-item elementor-gallery-item elementor-animated-content\" href=\"https:\/\/media.karlskogahotell.se\/2021\/03\/KH138.jpg\" data-elementor-open-lightbox=\"yes\" data-elementor-lightbox-slideshow=\"c923f42\" data-elementor-lightbox-title=\"saxin\" data-e-action-hash=\"#elementor-action%3Aaction%3Dlightbox%26settings%3DeyJpZCI6Njc3LCJ1cmwiOiJodHRwczpcL1wvbWVkaWEua2FybHNrb2dhaG90ZWxsLnNlXC8yMDIxXC8wM1wvS0gxMzguanBnIiwic2xpZGVzaG93IjoiYzkyM2Y0MiJ9\">\n\t\t\t\t\t<div class=\"e-gallery-image elementor-gallery-item__image\" data-thumbnail=\"https:\/\/media.karlskogahotell.se\/2021\/03\/KH138-300x200.jpg\" data-width=\"300\" data-height=\"200\" aria-label=\"\" role=\"img\" ><\/div>\n\t\t\t\t\t\t\t\t\t\t\t<div class=\"elementor-gallery-item__overlay\"><\/div>\n\t\t\t\t\t\t\t\t\t\t\t\t\t\t<\/a>\n\t\t\t\t\t<\/div>\n\t\t\t\t\t<\/div>\n\t\t\t\t<\/div>\n\t\t\t\t<div class=\"elementor-element elementor-element-827f3c5 elementor-widget elementor-widget-button\" data-id=\"827f3c5\" data-element_type=\"widget\" data-e-type=\"widget\" data-widget_type=\"button.default\">\n\t\t\t\t<div class=\"elementor-widget-container\">\n\t\t\t\t\t\t\t\t\t<div class=\"elementor-button-wrapper\">\n\t\t\t\t\t<a class=\"elementor-button elementor-button-link elementor-size-sm elementor-animation-grow\" href=\"https:\/\/karlskogahotell.se\/en\/bekvamligheter\/\">\n\t\t\t\t\t\t<span class=\"elementor-button-content-wrapper\">\n\t\t\t\t\t\t<span class=\"elementor-button-icon\">\n\t\t\t\t<i aria-hidden=\"true\" class=\"fas fa-arrow-left\"><\/i>\t\t\t<\/span>\n\t\t\t\t\t\t\t\t\t<span class=\"elementor-button-text\">Previous page<\/span>\n\t\t\t\t\t<\/span>\n\t\t\t\t\t<\/a>\n\t\t\t\t<\/div>\n\t\t\t\t\t\t\t\t<\/div>\n\t\t\t\t<\/div>\n\t\t\t\t\t<\/div>\n\t\t<\/div>\n\t\t\t\t<div class=\"elementor-column elementor-col-50 elementor-top-column elementor-element elementor-element-38771fb\" data-id=\"38771fb\" data-element_type=\"column\" data-e-type=\"column\">\n\t\t\t<div class=\"elementor-widget-wrap elementor-element-populated\">\n\t\t\t\t\t\t<div class=\"elementor-element elementor-element-b12b6df elementor-widget elementor-widget-heading\" data-id=\"b12b6df\" data-element_type=\"widget\" data-e-type=\"widget\" data-widget_type=\"heading.default\">\n\t\t\t\t<div class=\"elementor-widget-container\">\n\t\t\t\t\t<h3 class=\"elementor-heading-title elementor-size-default\">Raise your pulse in our newly renovate gym<\/h3>\t\t\t\t<\/div>\n\t\t\t\t<\/div>\n\t\t\t\t<div class=\"elementor-element elementor-element-083d2e2 elementor-widget elementor-widget-text-editor\" data-id=\"083d2e2\" data-element_type=\"widget\" data-e-type=\"widget\" data-widget_type=\"text-editor.default\">\n\t\t\t\t<div class=\"elementor-widget-container\">\n\t\t\t\t\t\t\t\t\t<p>The gym is fully equipped with the machines and weights needed for a functional workout. If you want to raise your heartrate properly, there are various fitness machines such as treadmills, cross-trainers and exercise bikes.<\/p>\t\t\t\t\t\t\t\t<\/div>\n\t\t\t\t<\/div>\n\t\t\t\t<section class=\"elementor-section elementor-inner-section elementor-element elementor-element-25013a5 elementor-section-boxed elementor-section-height-default elementor-section-height-default\" data-id=\"25013a5\" data-element_type=\"section\" data-e-type=\"section\">\n\t\t\t\t\t\t<div class=\"elementor-container elementor-column-gap-default\">\n\t\t\t\t\t<div class=\"elementor-column elementor-col-100 elementor-inner-column elementor-element elementor-element-65e42fd\" data-id=\"65e42fd\" data-element_type=\"column\" data-e-type=\"column\">\n\t\t\t<div class=\"elementor-widget-wrap elementor-element-populated\">\n\t\t\t\t\t\t<div class=\"elementor-element elementor-element-0247ab6 elementor-align-start elementor-icon-list--layout-traditional elementor-list-item-link-full_width elementor-widget elementor-widget-icon-list\" data-id=\"0247ab6\" data-element_type=\"widget\" data-e-type=\"widget\" data-widget_type=\"icon-list.default\">\n\t\t\t\t<div class=\"elementor-widget-container\">\n\t\t\t\t\t\t\t<ul class=\"elementor-icon-list-items\">\n\t\t\t\t\t\t\t<li class=\"elementor-icon-list-item\">\n\t\t\t\t\t\t\t\t\t\t\t<span class=\"elementor-icon-list-icon\">\n\t\t\t\t\t\t\t<i aria-hidden=\"true\" class=\"fas fa-check\"><\/i>\t\t\t\t\t\t<\/span>\n\t\t\t\t\t\t\t\t\t\t<span class=\"elementor-icon-list-text\">TREADMILL<\/span>\n\t\t\t\t\t\t\t\t\t<\/li>\n\t\t\t\t\t\t\t\t<li class=\"elementor-icon-list-item\">\n\t\t\t\t\t\t\t\t\t\t\t<span class=\"elementor-icon-list-icon\">\n\t\t\t\t\t\t\t<i aria-hidden=\"true\" class=\"fas fa-check\"><\/i>\t\t\t\t\t\t<\/span>\n\t\t\t\t\t\t\t\t\t\t<span class=\"elementor-icon-list-text\">CROSS TRAINER<\/span>\n\t\t\t\t\t\t\t\t\t<\/li>\n\t\t\t\t\t\t\t\t<li class=\"elementor-icon-list-item\">\n\t\t\t\t\t\t\t\t\t\t\t<span class=\"elementor-icon-list-icon\">\n\t\t\t\t\t\t\t<i aria-hidden=\"true\" class=\"fas fa-check\"><\/i>\t\t\t\t\t\t<\/span>\n\t\t\t\t\t\t\t\t\t\t<span class=\"elementor-icon-list-text\">FREE WEIGHTS<\/span>\n\t\t\t\t\t\t\t\t\t<\/li>\n\t\t\t\t\t\t<\/ul>\n\t\t\t\t\t\t<\/div>\n\t\t\t\t<\/div>\n\t\t\t\t\t<\/div>\n\t\t<\/div>\n\t\t\t\t\t<\/div>\n\t\t<\/section>\n\t\t\t\t\t<\/div>\n\t\t<\/div>\n\t\t\t\t\t<\/div>\n\t\t<\/section>\n\t\t\t\t<\/div>","protected":false},"excerpt":{"rendered":"<p>Gym Ge kroppen en sk\u00f6n genomk\u00f6rare! Som hotellg\u00e4st har du fri tillg\u00e5ng till v\u00e5rt v\u00e4lutrustade gym. Tillbaka H\u00f6j pulsen i v\u00e5rt nyrenoverade gym Gymmet&nbsp;\u00e4r fullutrustat med de maskiner och hantlar som beh\u00f6vs&nbsp;f\u00f6r en funktionell&nbsp;tr\u00e4ning. Vill du h\u00f6ja pulsen ordentligt finns olika konditionsmaskiner som l\u00f6pband, crosstrainer och motionscykel. L\u00f6pband Crosstrainer Fria vikter<\/p>","protected":false},"author":1,"featured_media":0,"parent":556,"menu_order":0,"comment_status":"closed","ping_status":"closed","template":"elementor_header_footer","meta":{"footnotes":""},"class_list":["post-925","page","type-page","status-publish","hentry"],"yoast_head":"<!-- This site is optimized with the Yoast SEO plugin v27.4 - https:\/\/yoast.com\/product\/yoast-seo-wordpress\/ -->\n<title>Gym - Karlskoga hotell<\/title>\n<meta name=\"robots\" content=\"index, follow, max-snippet:-1, max-image-preview:large, max-video-preview:-1\" \/>\n<link rel=\"canonical\" href=\"https:\/\/karlskogahotell.se\/en\/bekvamligheter\/gym\/\" \/>\n<meta property=\"og:locale\" content=\"en_GB\" \/>\n<meta property=\"og:type\" content=\"article\" \/>\n<meta property=\"og:title\" content=\"Gym - Karlskoga hotell\" \/>\n<meta property=\"og:description\" content=\"Gym Ge kroppen en sk\u00f6n genomk\u00f6rare! Som hotellg\u00e4st har du fri tillg\u00e5ng till v\u00e5rt v\u00e4lutrustade gym. Tillbaka H\u00f6j pulsen i v\u00e5rt nyrenoverade gym Gymmet&nbsp;\u00e4r fullutrustat med de maskiner och hantlar som beh\u00f6vs&nbsp;f\u00f6r en funktionell&nbsp;tr\u00e4ning. Vill du h\u00f6ja pulsen ordentligt finns olika konditionsmaskiner som l\u00f6pband, crosstrainer och motionscykel. L\u00f6pband Crosstrainer Fria vikter\" \/>\n<meta property=\"og:url\" content=\"https:\/\/karlskogahotell.se\/en\/bekvamligheter\/gym\/\" \/>\n<meta property=\"og:site_name\" content=\"Karlskoga hotell\" \/>\n<meta property=\"article:modified_time\" content=\"2021-07-16T13:42:32+00:00\" \/>\n<meta property=\"og:image\" content=\"http:\/\/media.karlskogahotell.se\/2021\/03\/gym-1024x683.jpg\" \/>\n<meta name=\"twitter:card\" content=\"summary_large_image\" \/>\n<meta name=\"twitter:label1\" content=\"Estimated reading time\" \/>\n\t<meta name=\"twitter:data1\" content=\"1 minute\" \/>\n<script type=\"application\/ld+json\" class=\"yoast-schema-graph\">{\"@context\":\"https:\\\/\\\/schema.org\",\"@graph\":[{\"@type\":\"WebPage\",\"@id\":\"https:\\\/\\\/karlskogahotell.se\\\/bekvamligheter\\\/gym\\\/\",\"url\":\"https:\\\/\\\/karlskogahotell.se\\\/bekvamligheter\\\/gym\\\/\",\"name\":\"Gym - Karlskoga hotell\",\"isPartOf\":{\"@id\":\"https:\\\/\\\/karlskogahotell.se\\\/#website\"},\"primaryImageOfPage\":{\"@id\":\"https:\\\/\\\/karlskogahotell.se\\\/bekvamligheter\\\/gym\\\/#primaryimage\"},\"image\":{\"@id\":\"https:\\\/\\\/karlskogahotell.se\\\/bekvamligheter\\\/gym\\\/#primaryimage\"},\"thumbnailUrl\":\"http:\\\/\\\/media.karlskogahotell.se\\\/2021\\\/03\\\/gym-1024x683.jpg\",\"datePublished\":\"2021-03-20T10:25:05+00:00\",\"dateModified\":\"2021-07-16T13:42:32+00:00\",\"breadcrumb\":{\"@id\":\"https:\\\/\\\/karlskogahotell.se\\\/bekvamligheter\\\/gym\\\/#breadcrumb\"},\"inLanguage\":\"en-GB\",\"potentialAction\":[{\"@type\":\"ReadAction\",\"target\":[\"https:\\\/\\\/karlskogahotell.se\\\/bekvamligheter\\\/gym\\\/\"]}]},{\"@type\":\"ImageObject\",\"inLanguage\":\"en-GB\",\"@id\":\"https:\\\/\\\/karlskogahotell.se\\\/bekvamligheter\\\/gym\\\/#primaryimage\",\"url\":\"http:\\\/\\\/media.karlskogahotell.se\\\/2021\\\/03\\\/gym-1024x683.jpg\",\"contentUrl\":\"http:\\\/\\\/media.karlskogahotell.se\\\/2021\\\/03\\\/gym-1024x683.jpg\"},{\"@type\":\"BreadcrumbList\",\"@id\":\"https:\\\/\\\/karlskogahotell.se\\\/bekvamligheter\\\/gym\\\/#breadcrumb\",\"itemListElement\":[{\"@type\":\"ListItem\",\"position\":1,\"name\":\"Hem\",\"item\":\"https:\\\/\\\/karlskogahotell.se\\\/\"},{\"@type\":\"ListItem\",\"position\":2,\"name\":\"Bekv\u00e4mligheter\",\"item\":\"https:\\\/\\\/karlskogahotell.se\\\/bekvamligheter\\\/\"},{\"@type\":\"ListItem\",\"position\":3,\"name\":\"Gym\"}]},{\"@type\":\"WebSite\",\"@id\":\"https:\\\/\\\/karlskogahotell.se\\\/#website\",\"url\":\"https:\\\/\\\/karlskogahotell.se\\\/\",\"name\":\"Karlskoga hotell\",\"description\":\"Ett n\u00e4ra hotell i Karlskoga\",\"publisher\":{\"@id\":\"https:\\\/\\\/karlskogahotell.se\\\/#organization\"},\"potentialAction\":[{\"@type\":\"SearchAction\",\"target\":{\"@type\":\"EntryPoint\",\"urlTemplate\":\"https:\\\/\\\/karlskogahotell.se\\\/?s={search_term_string}\"},\"query-input\":{\"@type\":\"PropertyValueSpecification\",\"valueRequired\":true,\"valueName\":\"search_term_string\"}}],\"inLanguage\":\"en-GB\"},{\"@type\":\"Organization\",\"@id\":\"https:\\\/\\\/karlskogahotell.se\\\/#organization\",\"name\":\"Karlskoga hotell\",\"url\":\"https:\\\/\\\/karlskogahotell.se\\\/\",\"logo\":{\"@type\":\"ImageObject\",\"inLanguage\":\"en-GB\",\"@id\":\"https:\\\/\\\/karlskogahotell.se\\\/#\\\/schema\\\/logo\\\/image\\\/\",\"url\":\"https:\\\/\\\/media.karlskogahotell.se\\\/2021\\\/03\\\/KarlskogaHotell_logotype_COLOR.png\",\"contentUrl\":\"https:\\\/\\\/media.karlskogahotell.se\\\/2021\\\/03\\\/KarlskogaHotell_logotype_COLOR.png\",\"width\":4522,\"height\":1170,\"caption\":\"Karlskoga hotell\"},\"image\":{\"@id\":\"https:\\\/\\\/karlskogahotell.se\\\/#\\\/schema\\\/logo\\\/image\\\/\"}}]}<\/script>\n<!-- \/ Yoast SEO plugin. -->","yoast_head_json":{"title":"Gym - Karlskoga hotel","robots":{"index":"index","follow":"follow","max-snippet":"max-snippet:-1","max-image-preview":"max-image-preview:large","max-video-preview":"max-video-preview:-1"},"canonical":"https:\/\/karlskogahotell.se\/en\/bekvamligheter\/gym\/","og_locale":"en_GB","og_type":"article","og_title":"Gym - Karlskoga hotell","og_description":"Gym Ge kroppen en sk\u00f6n genomk\u00f6rare! Som hotellg\u00e4st har du fri tillg\u00e5ng till v\u00e5rt v\u00e4lutrustade gym. Tillbaka H\u00f6j pulsen i v\u00e5rt nyrenoverade gym Gymmet&nbsp;\u00e4r fullutrustat med de maskiner och hantlar som beh\u00f6vs&nbsp;f\u00f6r en funktionell&nbsp;tr\u00e4ning. Vill du h\u00f6ja pulsen ordentligt finns olika konditionsmaskiner som l\u00f6pband, crosstrainer och motionscykel. L\u00f6pband Crosstrainer Fria vikter","og_url":"https:\/\/karlskogahotell.se\/en\/bekvamligheter\/gym\/","og_site_name":"Karlskoga hotell","article_modified_time":"2021-07-16T13:42:32+00:00","og_image":[{"url":"http:\/\/media.karlskogahotell.se\/2021\/03\/gym-1024x683.jpg","type":"","width":"","height":""}],"twitter_card":"summary_large_image","twitter_misc":{"Estimated reading time":"1 minute"},"schema":{"@context":"https:\/\/schema.org","@graph":[{"@type":"WebPage","@id":"https:\/\/karlskogahotell.se\/bekvamligheter\/gym\/","url":"https:\/\/karlskogahotell.se\/bekvamligheter\/gym\/","name":"Gym - Karlskoga hotel","isPartOf":{"@id":"https:\/\/karlskogahotell.se\/#website"},"primaryImageOfPage":{"@id":"https:\/\/karlskogahotell.se\/bekvamligheter\/gym\/#primaryimage"},"image":{"@id":"https:\/\/karlskogahotell.se\/bekvamligheter\/gym\/#primaryimage"},"thumbnailUrl":"http:\/\/media.karlskogahotell.se\/2021\/03\/gym-1024x683.jpg","datePublished":"2021-03-20T10:25:05+00:00","dateModified":"2021-07-16T13:42:32+00:00","breadcrumb":{"@id":"https:\/\/karlskogahotell.se\/bekvamligheter\/gym\/#breadcrumb"},"inLanguage":"en-GB","potentialAction":[{"@type":"ReadAction","target":["https:\/\/karlskogahotell.se\/bekvamligheter\/gym\/"]}]},{"@type":"ImageObject","inLanguage":"en-GB","@id":"https:\/\/karlskogahotell.se\/bekvamligheter\/gym\/#primaryimage","url":"http:\/\/media.karlskogahotell.se\/2021\/03\/gym-1024x683.jpg","contentUrl":"http:\/\/media.karlskogahotell.se\/2021\/03\/gym-1024x683.jpg"},{"@type":"BreadcrumbList","@id":"https:\/\/karlskogahotell.se\/bekvamligheter\/gym\/#breadcrumb","itemListElement":[{"@type":"ListItem","position":1,"name":"Hem","item":"https:\/\/karlskogahotell.se\/"},{"@type":"ListItem","position":2,"name":"Bekv\u00e4mligheter","item":"https:\/\/karlskogahotell.se\/bekvamligheter\/"},{"@type":"ListItem","position":3,"name":"Gym"}]},{"@type":"WebSite","@id":"https:\/\/karlskogahotell.se\/#website","url":"https:\/\/karlskogahotell.se\/","name":"Karlskoga Hotel","description":"A local hotel in Karlskoga","publisher":{"@id":"https:\/\/karlskogahotell.se\/#organization"},"potentialAction":[{"@type":"SearchAction","target":{"@type":"EntryPoint","urlTemplate":"https:\/\/karlskogahotell.se\/?s={search_term_string}"},"query-input":{"@type":"PropertyValueSpecification","valueRequired":true,"valueName":"search_term_string"}}],"inLanguage":"en-GB"},{"@type":"Organization","@id":"https:\/\/karlskogahotell.se\/#organization","name":"Karlskoga Hotel","url":"https:\/\/karlskogahotell.se\/","logo":{"@type":"ImageObject","inLanguage":"en-GB","@id":"https:\/\/karlskogahotell.se\/#\/schema\/logo\/image\/","url":"https:\/\/media.karlskogahotell.se\/2021\/03\/KarlskogaHotell_logotype_COLOR.png","contentUrl":"https:\/\/media.karlskogahotell.se\/2021\/03\/KarlskogaHotell_logotype_COLOR.png","width":4522,"height":1170,"caption":"Karlskoga hotell"},"image":{"@id":"https:\/\/karlskogahotell.se\/#\/schema\/logo\/image\/"}}]}},"_links":{"self":[{"href":"https:\/\/karlskogahotell.se\/en\/wp-json\/wp\/v2\/pages\/925","targetHints":{"allow":["GET"]}}],"collection":[{"href":"https:\/\/karlskogahotell.se\/en\/wp-json\/wp\/v2\/pages"}],"about":[{"href":"https:\/\/karlskogahotell.se\/en\/wp-json\/wp\/v2\/types\/page"}],"author":[{"embeddable":true,"href":"https:\/\/karlskogahotell.se\/en\/wp-json\/wp\/v2\/users\/1"}],"replies":[{"embeddable":true,"href":"https:\/\/karlskogahotell.se\/en\/wp-json\/wp\/v2\/comments?post=925"}],"version-history":[{"count":34,"href":"https:\/\/karlskogahotell.se\/en\/wp-json\/wp\/v2\/pages\/925\/revisions"}],"predecessor-version":[{"id":2925,"href":"https:\/\/karlskogahotell.se\/en\/wp-json\/wp\/v2\/pages\/925\/revisions\/2925"}],"up":[{"embeddable":true,"href":"https:\/\/karlskogahotell.se\/en\/wp-json\/wp\/v2\/pages\/556"}],"wp:attachment":[{"href":"https:\/\/karlskogahotell.se\/en\/wp-json\/wp\/v2\/media?parent=925"}],"curies":[{"name":"wp","href":"https:\/\/api.w.org\/{rel}","templated":true}]}}